{"id":1580,"date":"2020-05-09T22:24:32","date_gmt":"2020-05-09T22:24:32","guid":{"rendered":"https:\/\/shop.comterra.eu\/?post_type=product&#038;p=1580"},"modified":"2022-06-08T09:08:27","modified_gmt":"2022-06-08T09:08:27","slug":"esco-super-v51tyl","status":"publish","type":"product","link":"https:\/\/shop.comterra.eu\/en\/p\/esco-super-v51tyl\/","title":{"rendered":"ESCO Super V51TYL"},"content":{"rendered":"<p><strong>SUPER V\u00ae sistem zuba i adaptera<\/strong><br \/>\nESCO je uveo Super V zubni sistem po\u010detkom 1990-ih koji je brzo postao industrijski standard. Danas snaga Super V sustava, tanki profili kopanja, uski zubi pri\u010dvr\u0161\u010denja i dugi nosa\u010di adaptera jo\u0161 uvijek \u010dine sustav vode\u010dim u Svijetu. Super V zubni priklju\u010dci za vi\u0161ekratnu upotrebu i drugi nosivi oblici za svaku primjenu i dalje pru\u017eaju maksimalnu u\u010dinkovitost. Tvrdo\u0107a od 500HB Brunell-a spada u sam vrh patentirane ESCO legure.<\/p>\n<p><strong>TYL<\/strong> \u2013model zuba namijenjen je za poravnavanje terena. Dizajn je idealan zamjena za CAT\u00ae duga\u010dki zub.<\/p>\n<p><strong>DODATNI RABAT NA VE\u0106E KOLI\u010cINE, PO\u0160ALJITE UPIT!<\/strong><\/p>\n<table width=\"276\">\n<tbody>\n<tr>\n<td width=\"87\">TIP zuba<\/td>\n<td width=\"109\"><strong>Super V51TYL<\/strong><\/td>\n<td width=\"80\">Super V59TYL<\/td>\n<\/tr>\n<tr>\n<td width=\"87\">A (mm)<\/td>\n<td width=\"109\">307<\/td>\n<td width=\"80\">333<\/td>\n<\/tr>\n<tr>\n<td width=\"87\">B (mm)<\/td>\n<td width=\"109\">152<\/td>\n<td width=\"80\">165<\/td>\n<\/tr>\n<tr>\n<td width=\"87\">C (mm)<\/td>\n<td width=\"109\">17<\/td>\n<td width=\"80\">18<\/td>\n<\/tr>\n<tr>\n<td width=\"87\">D (mm)<\/td>\n<td width=\"109\">150<\/td>\n<td width=\"80\">164<\/td>\n<\/tr>\n<tr>\n<td width=\"87\">Te\u017eina (kg)<\/td>\n<td width=\"109\">19<\/td>\n<td width=\"80\">24<\/td>\n<\/tr>\n<tr>\n<td width=\"87\">PIN<\/td>\n<td width=\"109\">V51PN<\/td>\n<td width=\"80\">V59PN<\/td>\n<\/tr>\n<tr>\n<td width=\"87\">\u0160ifra ESCO<\/td>\n<td width=\"109\">5121803<\/td>\n<td width=\"80\">5121539<\/td>\n<\/tr>\n<\/tbody>\n<\/table>","protected":false},"excerpt":{"rendered":"<p>Super V51TYL<br \/>\nbager \/ rovokopa\u010d<\/p>","protected":false},"featured_media":16137,"template":"","meta":[],"product_cat":[42,170],"product_tag":[1053,1058,910,1059,911,916,918,920,922,923,1044,1045,1046,1048,1050,1051,1052],"yoast_head":"<!-- This site is optimized with the Yoast SEO plugin v20.0 - https:\/\/yoast.com\/wordpress\/plugins\/seo\/ -->\n<title>ESCO Super V51TYL - ComTerra<\/title>\n<meta name=\"description\" content=\"ESCO Super V zub, v13 v18 v19 v23 v29 v33 v39 v43 v51 v59 Zub za bager, zubi za bager, Esco zubi za bager, zub za minibager, ESCO Super V51TYL\" \/>\n<meta name=\"robots\" content=\"noindex, follow, max-snippet:-1, max-image-preview:large, max-video-preview:-1\" \/>\n<meta property=\"og:locale\" content=\"en_US\" \/>\n<meta property=\"og:type\" content=\"article\" \/>\n<meta property=\"og:title\" content=\"ESCO Super V51TYL - ComTerra\" \/>\n<meta property=\"og:description\" content=\"ESCO Super V zub, v13 v18 v19 v23 v29 v33 v39 v43 v51 v59 Zub za bager, zubi za bager, Esco zubi za bager, zub za minibager, ESCO Super V51TYL\" \/>\n<meta property=\"og:url\" content=\"https:\/\/shop.comterra.eu\/en\/p\/esco-super-v51tyl\/\" \/>\n<meta property=\"og:site_name\" content=\"ComTerra\" \/>\n<meta property=\"article:publisher\" content=\"https:\/\/web.facebook.com\/ComTerraEU\" \/>\n<meta property=\"article:modified_time\" content=\"2022-06-08T09:08:27+00:00\" \/>\n<meta property=\"og:image\" content=\"https:\/\/shop.comterra.eu\/wp-content\/uploads\/2022\/06\/ESuperV_TYL.jpg\" \/>\n\t<meta property=\"og:image:width\" content=\"800\" \/>\n\t<meta property=\"og:image:height\" content=\"750\" \/>\n\t<meta property=\"og:image:type\" content=\"image\/jpeg\" \/>\n<meta name=\"twitter:card\" content=\"summary_large_image\" \/>\n<meta name=\"twitter:label1\" content=\"Est. reading time\" \/>\n\t<meta name=\"twitter:data1\" content=\"1 minute\" \/>\n<script type=\"application\/ld+json\" class=\"yoast-schema-graph\">{\"@context\":\"https:\/\/schema.org\",\"@graph\":[{\"@type\":\"WebPage\",\"@id\":\"https:\/\/shop.comterra.eu\/p\/esco-super-v51tyl\/\",\"url\":\"https:\/\/shop.comterra.eu\/p\/esco-super-v51tyl\/\",\"name\":\"ESCO Super V51TYL - ComTerra\",\"isPartOf\":{\"@id\":\"https:\/\/shop.comterra.eu\/#website\"},\"datePublished\":\"2020-05-09T22:24:32+00:00\",\"dateModified\":\"2022-06-08T09:08:27+00:00\",\"description\":\"ESCO Super V zub, v13 v18 v19 v23 v29 v33 v39 v43 v51 v59 Zub za bager, zubi za bager, Esco zubi za bager, zub za minibager, ESCO Super V51TYL\",\"breadcrumb\":{\"@id\":\"https:\/\/shop.comterra.eu\/p\/esco-super-v51tyl\/#breadcrumb\"},\"inLanguage\":\"en-US\",\"potentialAction\":[{\"@type\":\"ReadAction\",\"target\":[\"https:\/\/shop.comterra.eu\/p\/esco-super-v51tyl\/\"]}]},{\"@type\":\"BreadcrumbList\",\"@id\":\"https:\/\/shop.comterra.eu\/p\/esco-super-v51tyl\/#breadcrumb\",\"itemListElement\":[{\"@type\":\"ListItem\",\"position\":1,\"name\":\"ComTerra SHOP &#8211; Willkommen\",\"item\":\"https:\/\/shop.comterra.eu\/\"},{\"@type\":\"ListItem\",\"position\":2,\"name\":\"ESCO Super V51TYL\"}]},{\"@type\":\"WebSite\",\"@id\":\"https:\/\/shop.comterra.eu\/#website\",\"url\":\"https:\/\/shop.comterra.eu\/\",\"name\":\"ComTerra\",\"description\":\"\",\"publisher\":{\"@id\":\"https:\/\/shop.comterra.eu\/#organization\"},\"potentialAction\":[{\"@type\":\"SearchAction\",\"target\":{\"@type\":\"EntryPoint\",\"urlTemplate\":\"https:\/\/shop.comterra.eu\/?s={search_term_string}\"},\"query-input\":\"required name=search_term_string\"}],\"inLanguage\":\"en-US\"},{\"@type\":\"Organization\",\"@id\":\"https:\/\/shop.comterra.eu\/#organization\",\"name\":\"ComTerra\",\"url\":\"https:\/\/shop.comterra.eu\/\",\"logo\":{\"@type\":\"ImageObject\",\"inLanguage\":\"en-US\",\"@id\":\"https:\/\/shop.comterra.eu\/#\/schema\/logo\/image\/\",\"url\":\"https:\/\/shop.comterra.eu\/wp-content\/uploads\/2019\/12\/cropped-logo.png\",\"contentUrl\":\"https:\/\/shop.comterra.eu\/wp-content\/uploads\/2019\/12\/cropped-logo.png\",\"width\":379,\"height\":89,\"caption\":\"ComTerra\"},\"image\":{\"@id\":\"https:\/\/shop.comterra.eu\/#\/schema\/logo\/image\/\"},\"sameAs\":[\"https:\/\/www.youtube.com\/channel\/UCn4vG_rMnFID5Hg_ooZKieg\",\"https:\/\/web.facebook.com\/ComTerraEU\"]}]}<\/script>\n<!-- \/ Yoast SEO plugin. -->","yoast_head_json":{"title":"ESCO Super V51TYL - ComTerra","description":"ESCO Super V zub, v13 v18 v19 v23 v29 v33 v39 v43 v51 v59 Zub za bager, zubi za bager, Esco zubi za bager, zub za minibager, ESCO Super V51TYL","robots":{"index":"noindex","follow":"follow","max-snippet":"max-snippet:-1","max-image-preview":"max-image-preview:large","max-video-preview":"max-video-preview:-1"},"og_locale":"en_US","og_type":"article","og_title":"ESCO Super V51TYL - ComTerra","og_description":"ESCO Super V zub, v13 v18 v19 v23 v29 v33 v39 v43 v51 v59 Zub za bager, zubi za bager, Esco zubi za bager, zub za minibager, ESCO Super V51TYL","og_url":"https:\/\/shop.comterra.eu\/en\/p\/esco-super-v51tyl\/","og_site_name":"ComTerra","article_publisher":"https:\/\/web.facebook.com\/ComTerraEU","article_modified_time":"2022-06-08T09:08:27+00:00","og_image":[{"width":800,"height":750,"url":"https:\/\/shop.comterra.eu\/wp-content\/uploads\/2022\/06\/ESuperV_TYL.jpg","type":"image\/jpeg"}],"twitter_card":"summary_large_image","twitter_misc":{"Est. reading time":"1 minute"},"schema":{"@context":"https:\/\/schema.org","@graph":[{"@type":"WebPage","@id":"https:\/\/shop.comterra.eu\/p\/esco-super-v51tyl\/","url":"https:\/\/shop.comterra.eu\/p\/esco-super-v51tyl\/","name":"ESCO Super V51TYL - ComTerra","isPartOf":{"@id":"https:\/\/shop.comterra.eu\/#website"},"datePublished":"2020-05-09T22:24:32+00:00","dateModified":"2022-06-08T09:08:27+00:00","description":"ESCO Super V zub, v13 v18 v19 v23 v29 v33 v39 v43 v51 v59 Zub za bager, zubi za bager, Esco zubi za bager, zub za minibager, ESCO Super V51TYL","breadcrumb":{"@id":"https:\/\/shop.comterra.eu\/p\/esco-super-v51tyl\/#breadcrumb"},"inLanguage":"en-US","potentialAction":[{"@type":"ReadAction","target":["https:\/\/shop.comterra.eu\/p\/esco-super-v51tyl\/"]}]},{"@type":"BreadcrumbList","@id":"https:\/\/shop.comterra.eu\/p\/esco-super-v51tyl\/#breadcrumb","itemListElement":[{"@type":"ListItem","position":1,"name":"ComTerra SHOP &#8211; Willkommen","item":"https:\/\/shop.comterra.eu\/"},{"@type":"ListItem","position":2,"name":"ESCO Super V51TYL"}]},{"@type":"WebSite","@id":"https:\/\/shop.comterra.eu\/#website","url":"https:\/\/shop.comterra.eu\/","name":"ComTerra","description":"","publisher":{"@id":"https:\/\/shop.comterra.eu\/#organization"},"potentialAction":[{"@type":"SearchAction","target":{"@type":"EntryPoint","urlTemplate":"https:\/\/shop.comterra.eu\/?s={search_term_string}"},"query-input":"required name=search_term_string"}],"inLanguage":"en-US"},{"@type":"Organization","@id":"https:\/\/shop.comterra.eu\/#organization","name":"ComTerra","url":"https:\/\/shop.comterra.eu\/","logo":{"@type":"ImageObject","inLanguage":"en-US","@id":"https:\/\/shop.comterra.eu\/#\/schema\/logo\/image\/","url":"https:\/\/shop.comterra.eu\/wp-content\/uploads\/2019\/12\/cropped-logo.png","contentUrl":"https:\/\/shop.comterra.eu\/wp-content\/uploads\/2019\/12\/cropped-logo.png","width":379,"height":89,"caption":"ComTerra"},"image":{"@id":"https:\/\/shop.comterra.eu\/#\/schema\/logo\/image\/"},"sameAs":["https:\/\/www.youtube.com\/channel\/UCn4vG_rMnFID5Hg_ooZKieg","https:\/\/web.facebook.com\/ComTerraEU"]}]}},"_links":{"self":[{"href":"https:\/\/shop.comterra.eu\/en\/wp-json\/wp\/v2\/product\/1580"}],"collection":[{"href":"https:\/\/shop.comterra.eu\/en\/wp-json\/wp\/v2\/product"}],"about":[{"href":"https:\/\/shop.comterra.eu\/en\/wp-json\/wp\/v2\/types\/product"}],"wp:featuredmedia":[{"embeddable":true,"href":"https:\/\/shop.comterra.eu\/en\/wp-json\/wp\/v2\/media\/16137"}],"wp:attachment":[{"href":"https:\/\/shop.comterra.eu\/en\/wp-json\/wp\/v2\/media?parent=1580"}],"wp:term":[{"taxonomy":"product_cat","embeddable":true,"href":"https:\/\/shop.comterra.eu\/en\/wp-json\/wp\/v2\/product_cat?post=1580"},{"taxonomy":"product_tag","embeddable":true,"href":"https:\/\/shop.comterra.eu\/en\/wp-json\/wp\/v2\/product_tag?post=1580"}],"curies":[{"name":"wp","href":"https:\/\/api.w.org\/{rel}","templated":true}]}}