{"id":1353,"date":"2020-04-28T22:46:53","date_gmt":"2020-04-28T22:46:53","guid":{"rendered":"https:\/\/shop.comterra.eu\/?post_type=product&#038;p=1353"},"modified":"2022-06-08T09:06:18","modified_gmt":"2022-06-08T09:06:18","slug":"permon-bka-15","status":"publish","type":"product","link":"https:\/\/shop.comterra.eu\/en\/p\/permon-bka-15\/","title":{"rendered":"Permon BKA 15"},"content":{"rendered":"<p>Antivibracijski \u010deki\u0107i PERMON BKA za ru\u0161enje, dizajnirani su za odvajanje tla i materijala niske i srednje \u010dvrsto\u0107e ( npr. beton, bitumenske ceste, ugljen). Uglavnom se koriste u gra\u0111evinarstvu, rudarstvu i otvorenim operacijama. <strong>Izgled i te\u017eina prikladni su za rudarstvo odnosno rad na nagibu, tj. vertikalno ili nagnuto prema dolje. Certificirani po ATEX direktivi za upotrebu u metanskim jamama EXI-M2.<br \/>\n<\/strong><\/p>\n<p>SVI PERMON \u010cEKI\u0106I Serije BKA imaju ugra\u0111en NAULJIVA\u010c u samo tijelo \u010deki\u0107a. \u010ceki\u0107i za ru\u0161enje dostupni su u dvije opcije &#8211; klasi\u010dni i sa smanjenim vibracijama. \u010ceki\u0107 serije BKA s opru\u017enom dr\u0161kom omogu\u0107uje jednostavniji rad s ni\u017eim vibracijama. \u010cvrsta, jednostruka ru\u010dka dostupna je za \u010deki\u0107 serije BK.<\/p>\n<ul>\n<li><span style=\"color: #0000ff\">VISOKI OMJER PERFORMANSA\/MJERE OMOGU\u0106UJE MANJE FIZI\u010cKOG RADA ZA RUKOVATELJE<\/span><\/li>\n<li><span style=\"color: #0000ff\">DUGOTRAJNA OTPORNOST MATERIJALA<\/span><\/li>\n<li><span style=\"color: #0000ff\">JEDNOSTAVNA KONSTRUKCIJA OMOGU\u0106AVA LAKO ODR\u017dAVANJE I POPRAVKE<\/span><\/li>\n<li><span style=\"color: #0000ff\">MINIMALNI BROJ DIJELOVA<\/span><\/li>\n<li><span style=\"color: #0000ff\">VISOKI VIJEK TRAJANJA I POUZDANOST <\/span><\/li>\n<li><span style=\"color: #0000ff\">VISOKA UDARNA ENERGIJA<\/span><\/li>\n<\/ul>\n<p><span style=\"color: #0000ff\">VELIKI IZBOR ALATA I DODATAKA!<\/span><\/p>\n<table width=\"128\">\n<tbody>\n<tr>\n<td width=\"64\">Tip<\/td>\n<td width=\"64\"><strong>BKA 15 BEZ NAULJIVA\u010cA<\/strong><\/td>\n<\/tr>\n<tr>\n<td width=\"64\">Te\u017eina<\/td>\n<td width=\"64\">15 kg<\/td>\n<\/tr>\n<tr>\n<td width=\"64\">Dimenzije<\/td>\n<td width=\"64\">435 \u00d7 670 mm<\/td>\n<\/tr>\n<tr>\n<td width=\"64\">Potro\u0161nja zraka<\/td>\n<td width=\"64\">0,9 m<sup>3<\/sup>\/min<\/td>\n<\/tr>\n<tr>\n<td width=\"64\">Prihvat alata mm<\/td>\n<td width=\"64\"># 22 \u00d7 82 (# 25 \u00d7 108)<\/td>\n<\/tr>\n<tr>\n<td width=\"64\">Radni tlak<\/td>\n<td width=\"64\">4 &#8211; 7 bar<\/td>\n<\/tr>\n<tr>\n<td width=\"64\">Priklju\u010dak<\/td>\n<td width=\"64\">R3\/4\u201c<\/td>\n<\/tr>\n<tr>\n<td width=\"64\">Buka<\/td>\n<td width=\"64\">101,8 dB<\/td>\n<\/tr>\n<tr>\n<td width=\"64\">Vibracije<\/td>\n<td width=\"64\">2,5 m\/s\u00b2<\/td>\n<\/tr>\n<\/tbody>\n<\/table>","protected":false},"excerpt":{"rendered":"<p>Permon BKA 15<br \/>\n15 kg \/ HEX#22&#215;82 \/ #25\u00d7108<\/p>","protected":false},"featured_media":16044,"template":"","meta":[],"product_cat":[123,25],"product_tag":[1027,1028,1029,1030,1031,1032,1033,1034,1035,1036,1037,1038],"yoast_head":"<!-- This site is optimized with the Yoast SEO plugin v20.0 - https:\/\/yoast.com\/wordpress\/plugins\/seo\/ -->\n<title>Permon BKA 15 - ComTerra<\/title>\n<meta name=\"description\" content=\"Pneumatski \u010deki\u0107 permon za ru\u0161enje, \u0161temerica, hilti, atlas copco, permon SK, Permon SKA, Permon BKA, pi\u0161tolj za ru\u0161enje sa zaka\u010dkom i nauljiva\u010dem, ru\u0161enje\" \/>\n<meta name=\"robots\" content=\"noindex, follow, max-snippet:-1, max-image-preview:large, max-video-preview:-1\" \/>\n<meta property=\"og:locale\" content=\"en_US\" \/>\n<meta property=\"og:type\" content=\"article\" \/>\n<meta property=\"og:title\" content=\"Permon BKA 15 - ComTerra\" \/>\n<meta property=\"og:description\" content=\"Pneumatski \u010deki\u0107 permon za ru\u0161enje, \u0161temerica, hilti, atlas copco, permon SK, Permon SKA, Permon BKA, pi\u0161tolj za ru\u0161enje sa zaka\u010dkom i nauljiva\u010dem, ru\u0161enje\" \/>\n<meta property=\"og:url\" content=\"https:\/\/shop.comterra.eu\/en\/p\/permon-bka-15\/\" \/>\n<meta property=\"og:site_name\" content=\"ComTerra\" \/>\n<meta property=\"article:publisher\" content=\"https:\/\/web.facebook.com\/ComTerraEU\" \/>\n<meta property=\"article:modified_time\" content=\"2022-06-08T09:06:18+00:00\" \/>\n<meta property=\"og:image\" content=\"https:\/\/shop.comterra.eu\/wp-content\/uploads\/2020\/04\/bka-15-1.jpg\" \/>\n\t<meta property=\"og:image:width\" content=\"1740\" \/>\n\t<meta property=\"og:image:height\" content=\"1754\" \/>\n\t<meta property=\"og:image:type\" content=\"image\/jpeg\" \/>\n<meta name=\"twitter:card\" content=\"summary_large_image\" \/>\n<meta name=\"twitter:label1\" content=\"Est. reading time\" \/>\n\t<meta name=\"twitter:data1\" content=\"1 minute\" \/>\n<script type=\"application\/ld+json\" class=\"yoast-schema-graph\">{\"@context\":\"https:\/\/schema.org\",\"@graph\":[{\"@type\":\"WebPage\",\"@id\":\"https:\/\/shop.comterra.eu\/p\/permon-bka-15\/\",\"url\":\"https:\/\/shop.comterra.eu\/p\/permon-bka-15\/\",\"name\":\"Permon BKA 15 - ComTerra\",\"isPartOf\":{\"@id\":\"https:\/\/shop.comterra.eu\/#website\"},\"datePublished\":\"2020-04-28T22:46:53+00:00\",\"dateModified\":\"2022-06-08T09:06:18+00:00\",\"description\":\"Pneumatski \u010deki\u0107 permon za ru\u0161enje, \u0161temerica, hilti, atlas copco, permon SK, Permon SKA, Permon BKA, pi\u0161tolj za ru\u0161enje sa zaka\u010dkom i nauljiva\u010dem, ru\u0161enje\",\"breadcrumb\":{\"@id\":\"https:\/\/shop.comterra.eu\/p\/permon-bka-15\/#breadcrumb\"},\"inLanguage\":\"en-US\",\"potentialAction\":[{\"@type\":\"ReadAction\",\"target\":[\"https:\/\/shop.comterra.eu\/p\/permon-bka-15\/\"]}]},{\"@type\":\"BreadcrumbList\",\"@id\":\"https:\/\/shop.comterra.eu\/p\/permon-bka-15\/#breadcrumb\",\"itemListElement\":[{\"@type\":\"ListItem\",\"position\":1,\"name\":\"ComTerra SHOP &#8211; Willkommen\",\"item\":\"https:\/\/shop.comterra.eu\/\"},{\"@type\":\"ListItem\",\"position\":2,\"name\":\"Permon BKA 15\"}]},{\"@type\":\"WebSite\",\"@id\":\"https:\/\/shop.comterra.eu\/#website\",\"url\":\"https:\/\/shop.comterra.eu\/\",\"name\":\"ComTerra\",\"description\":\"\",\"publisher\":{\"@id\":\"https:\/\/shop.comterra.eu\/#organization\"},\"potentialAction\":[{\"@type\":\"SearchAction\",\"target\":{\"@type\":\"EntryPoint\",\"urlTemplate\":\"https:\/\/shop.comterra.eu\/?s={search_term_string}\"},\"query-input\":\"required name=search_term_string\"}],\"inLanguage\":\"en-US\"},{\"@type\":\"Organization\",\"@id\":\"https:\/\/shop.comterra.eu\/#organization\",\"name\":\"ComTerra\",\"url\":\"https:\/\/shop.comterra.eu\/\",\"logo\":{\"@type\":\"ImageObject\",\"inLanguage\":\"en-US\",\"@id\":\"https:\/\/shop.comterra.eu\/#\/schema\/logo\/image\/\",\"url\":\"https:\/\/shop.comterra.eu\/wp-content\/uploads\/2019\/12\/cropped-logo.png\",\"contentUrl\":\"https:\/\/shop.comterra.eu\/wp-content\/uploads\/2019\/12\/cropped-logo.png\",\"width\":379,\"height\":89,\"caption\":\"ComTerra\"},\"image\":{\"@id\":\"https:\/\/shop.comterra.eu\/#\/schema\/logo\/image\/\"},\"sameAs\":[\"https:\/\/www.youtube.com\/channel\/UCn4vG_rMnFID5Hg_ooZKieg\",\"https:\/\/web.facebook.com\/ComTerraEU\"]}]}<\/script>\n<!-- \/ Yoast SEO plugin. -->","yoast_head_json":{"title":"Permon BKA 15 - ComTerra","description":"Pneumatski \u010deki\u0107 permon za ru\u0161enje, \u0161temerica, hilti, atlas copco, permon SK, Permon SKA, Permon BKA, pi\u0161tolj za ru\u0161enje sa zaka\u010dkom i nauljiva\u010dem, ru\u0161enje","robots":{"index":"noindex","follow":"follow","max-snippet":"max-snippet:-1","max-image-preview":"max-image-preview:large","max-video-preview":"max-video-preview:-1"},"og_locale":"en_US","og_type":"article","og_title":"Permon BKA 15 - ComTerra","og_description":"Pneumatski \u010deki\u0107 permon za ru\u0161enje, \u0161temerica, hilti, atlas copco, permon SK, Permon SKA, Permon BKA, pi\u0161tolj za ru\u0161enje sa zaka\u010dkom i nauljiva\u010dem, ru\u0161enje","og_url":"https:\/\/shop.comterra.eu\/en\/p\/permon-bka-15\/","og_site_name":"ComTerra","article_publisher":"https:\/\/web.facebook.com\/ComTerraEU","article_modified_time":"2022-06-08T09:06:18+00:00","og_image":[{"width":1740,"height":1754,"url":"https:\/\/shop.comterra.eu\/wp-content\/uploads\/2020\/04\/bka-15-1.jpg","type":"image\/jpeg"}],"twitter_card":"summary_large_image","twitter_misc":{"Est. reading time":"1 minute"},"schema":{"@context":"https:\/\/schema.org","@graph":[{"@type":"WebPage","@id":"https:\/\/shop.comterra.eu\/p\/permon-bka-15\/","url":"https:\/\/shop.comterra.eu\/p\/permon-bka-15\/","name":"Permon BKA 15 - ComTerra","isPartOf":{"@id":"https:\/\/shop.comterra.eu\/#website"},"datePublished":"2020-04-28T22:46:53+00:00","dateModified":"2022-06-08T09:06:18+00:00","description":"Pneumatski \u010deki\u0107 permon za ru\u0161enje, \u0161temerica, hilti, atlas copco, permon SK, Permon SKA, Permon BKA, pi\u0161tolj za ru\u0161enje sa zaka\u010dkom i nauljiva\u010dem, ru\u0161enje","breadcrumb":{"@id":"https:\/\/shop.comterra.eu\/p\/permon-bka-15\/#breadcrumb"},"inLanguage":"en-US","potentialAction":[{"@type":"ReadAction","target":["https:\/\/shop.comterra.eu\/p\/permon-bka-15\/"]}]},{"@type":"BreadcrumbList","@id":"https:\/\/shop.comterra.eu\/p\/permon-bka-15\/#breadcrumb","itemListElement":[{"@type":"ListItem","position":1,"name":"ComTerra SHOP &#8211; Willkommen","item":"https:\/\/shop.comterra.eu\/"},{"@type":"ListItem","position":2,"name":"Permon BKA 15"}]},{"@type":"WebSite","@id":"https:\/\/shop.comterra.eu\/#website","url":"https:\/\/shop.comterra.eu\/","name":"ComTerra","description":"","publisher":{"@id":"https:\/\/shop.comterra.eu\/#organization"},"potentialAction":[{"@type":"SearchAction","target":{"@type":"EntryPoint","urlTemplate":"https:\/\/shop.comterra.eu\/?s={search_term_string}"},"query-input":"required name=search_term_string"}],"inLanguage":"en-US"},{"@type":"Organization","@id":"https:\/\/shop.comterra.eu\/#organization","name":"ComTerra","url":"https:\/\/shop.comterra.eu\/","logo":{"@type":"ImageObject","inLanguage":"en-US","@id":"https:\/\/shop.comterra.eu\/#\/schema\/logo\/image\/","url":"https:\/\/shop.comterra.eu\/wp-content\/uploads\/2019\/12\/cropped-logo.png","contentUrl":"https:\/\/shop.comterra.eu\/wp-content\/uploads\/2019\/12\/cropped-logo.png","width":379,"height":89,"caption":"ComTerra"},"image":{"@id":"https:\/\/shop.comterra.eu\/#\/schema\/logo\/image\/"},"sameAs":["https:\/\/www.youtube.com\/channel\/UCn4vG_rMnFID5Hg_ooZKieg","https:\/\/web.facebook.com\/ComTerraEU"]}]}},"_links":{"self":[{"href":"https:\/\/shop.comterra.eu\/en\/wp-json\/wp\/v2\/product\/1353"}],"collection":[{"href":"https:\/\/shop.comterra.eu\/en\/wp-json\/wp\/v2\/product"}],"about":[{"href":"https:\/\/shop.comterra.eu\/en\/wp-json\/wp\/v2\/types\/product"}],"wp:featuredmedia":[{"embeddable":true,"href":"https:\/\/shop.comterra.eu\/en\/wp-json\/wp\/v2\/media\/16044"}],"wp:attachment":[{"href":"https:\/\/shop.comterra.eu\/en\/wp-json\/wp\/v2\/media?parent=1353"}],"wp:term":[{"taxonomy":"product_cat","embeddable":true,"href":"https:\/\/shop.comterra.eu\/en\/wp-json\/wp\/v2\/product_cat?post=1353"},{"taxonomy":"product_tag","embeddable":true,"href":"https:\/\/shop.comterra.eu\/en\/wp-json\/wp\/v2\/product_tag?post=1353"}],"curies":[{"name":"wp","href":"https:\/\/api.w.org\/{rel}","templated":true}]}}