{"id":11388,"date":"2022-04-12T12:19:34","date_gmt":"2022-04-12T12:19:34","guid":{"rendered":"https:\/\/shop.comterra.eu\/?post_type=product&#038;p=11388"},"modified":"2022-10-26T11:46:57","modified_gmt":"2022-10-26T11:46:57","slug":"abriebschutz-choco-f65-cb","status":"publish","type":"product","link":"https:\/\/shop.comterra.eu\/en\/p\/abriebschutz-choco-f65-cb\/","title":{"rendered":"Abriebschutz choco &#8211; F65 CB"},"content":{"rendered":"<p>\u010cokoladice su dostupne u razli\u010ditim veli\u010dinama, \u0161irine od 25 do 130mm. \u010cokoladice dolaze u obliku blokova koji se mogu primijeniti na ravnu ili lagano zakrivljenu povr\u0161inu savijanjem ili rezanjem u segmente ovisno o potrebi koju zahtjeva povr\u0161ina. Naj\u010de\u0161\u0107a primjena \u010dokoladica je za za\u0161titu bo\u010dnih strana i dr\u017ea\u010da zuba na korpama, ali mogu se primijeniti i na mnoge druge razli\u010dite s obzirom na njihovu duktilnost. Na primjer, mogu se koristiti i za dijelove koji su podlo\u017eniji habanju u pogonima za preradu.<\/p>\n<p>Veli\u010dina (mm): 65<\/p>\n<p>&nbsp;<\/p>","protected":false},"excerpt":{"rendered":"<p>Chock Block<\/p>","protected":false},"featured_media":11381,"template":"","meta":[],"product_cat":[716,19],"product_tag":[],"yoast_head":"<!-- This site is optimized with the Yoast SEO plugin v20.0 - https:\/\/yoast.com\/wordpress\/plugins\/seo\/ -->\n<title>Abriebschutz choco - F65 CB - ComTerra<\/title>\n<meta name=\"description\" content=\"Izrazito kvalitetna habaju\u010da oprema za razli\u010dite primjene kod robusnih i abrazivnih radova. Korpe za bager, zubi, protektori, no\u017eevi i sl.\" \/>\n<meta name=\"robots\" content=\"noindex, follow, max-snippet:-1, max-image-preview:large, max-video-preview:-1\" \/>\n<meta property=\"og:locale\" content=\"en_US\" \/>\n<meta property=\"og:type\" content=\"article\" \/>\n<meta property=\"og:title\" content=\"Abriebschutz choco - F65 CB - ComTerra\" \/>\n<meta property=\"og:description\" content=\"Izrazito kvalitetna habaju\u010da oprema za razli\u010dite primjene kod robusnih i abrazivnih radova. Korpe za bager, zubi, protektori, no\u017eevi i sl.\" \/>\n<meta property=\"og:url\" content=\"https:\/\/shop.comterra.eu\/en\/p\/abriebschutz-choco-f65-cb\/\" \/>\n<meta property=\"og:site_name\" content=\"ComTerra\" \/>\n<meta property=\"article:publisher\" content=\"https:\/\/web.facebook.com\/ComTerraEU\" \/>\n<meta property=\"article:modified_time\" content=\"2022-10-26T11:46:57+00:00\" \/>\n<meta property=\"og:image\" content=\"https:\/\/shop.comterra.eu\/wp-content\/uploads\/2022\/04\/protektor-korpe-cokoladica.jpg\" \/>\n\t<meta property=\"og:image:width\" content=\"692\" \/>\n\t<meta property=\"og:image:height\" content=\"519\" \/>\n\t<meta property=\"og:image:type\" content=\"image\/jpeg\" \/>\n<meta name=\"twitter:card\" content=\"summary_large_image\" \/>\n<meta name=\"twitter:label1\" content=\"Est. reading time\" \/>\n\t<meta name=\"twitter:data1\" content=\"1 minute\" \/>\n<script type=\"application\/ld+json\" class=\"yoast-schema-graph\">{\"@context\":\"https:\/\/schema.org\",\"@graph\":[{\"@type\":\"WebPage\",\"@id\":\"https:\/\/shop.comterra.eu\/p\/abriebschutz-choco-f65-cb\/\",\"url\":\"https:\/\/shop.comterra.eu\/p\/abriebschutz-choco-f65-cb\/\",\"name\":\"Abriebschutz choco - F65 CB - ComTerra\",\"isPartOf\":{\"@id\":\"https:\/\/shop.comterra.eu\/#website\"},\"datePublished\":\"2022-04-12T12:19:34+00:00\",\"dateModified\":\"2022-10-26T11:46:57+00:00\",\"description\":\"Izrazito kvalitetna habaju\u010da oprema za razli\u010dite primjene kod robusnih i abrazivnih radova. Korpe za bager, zubi, protektori, no\u017eevi i sl.\",\"breadcrumb\":{\"@id\":\"https:\/\/shop.comterra.eu\/p\/abriebschutz-choco-f65-cb\/#breadcrumb\"},\"inLanguage\":\"en-US\",\"potentialAction\":[{\"@type\":\"ReadAction\",\"target\":[\"https:\/\/shop.comterra.eu\/p\/abriebschutz-choco-f65-cb\/\"]}]},{\"@type\":\"BreadcrumbList\",\"@id\":\"https:\/\/shop.comterra.eu\/p\/abriebschutz-choco-f65-cb\/#breadcrumb\",\"itemListElement\":[{\"@type\":\"ListItem\",\"position\":1,\"name\":\"ComTerra SHOP &#8211; Willkommen\",\"item\":\"https:\/\/shop.comterra.eu\/\"},{\"@type\":\"ListItem\",\"position\":2,\"name\":\"Abriebschutz choco &#8211; F65 CB\"}]},{\"@type\":\"WebSite\",\"@id\":\"https:\/\/shop.comterra.eu\/#website\",\"url\":\"https:\/\/shop.comterra.eu\/\",\"name\":\"ComTerra\",\"description\":\"\",\"publisher\":{\"@id\":\"https:\/\/shop.comterra.eu\/#organization\"},\"potentialAction\":[{\"@type\":\"SearchAction\",\"target\":{\"@type\":\"EntryPoint\",\"urlTemplate\":\"https:\/\/shop.comterra.eu\/?s={search_term_string}\"},\"query-input\":\"required name=search_term_string\"}],\"inLanguage\":\"en-US\"},{\"@type\":\"Organization\",\"@id\":\"https:\/\/shop.comterra.eu\/#organization\",\"name\":\"ComTerra\",\"url\":\"https:\/\/shop.comterra.eu\/\",\"logo\":{\"@type\":\"ImageObject\",\"inLanguage\":\"en-US\",\"@id\":\"https:\/\/shop.comterra.eu\/#\/schema\/logo\/image\/\",\"url\":\"https:\/\/shop.comterra.eu\/wp-content\/uploads\/2019\/12\/cropped-logo.png\",\"contentUrl\":\"https:\/\/shop.comterra.eu\/wp-content\/uploads\/2019\/12\/cropped-logo.png\",\"width\":379,\"height\":89,\"caption\":\"ComTerra\"},\"image\":{\"@id\":\"https:\/\/shop.comterra.eu\/#\/schema\/logo\/image\/\"},\"sameAs\":[\"https:\/\/www.youtube.com\/channel\/UCn4vG_rMnFID5Hg_ooZKieg\",\"https:\/\/web.facebook.com\/ComTerraEU\"]}]}<\/script>\n<!-- \/ Yoast SEO plugin. -->","yoast_head_json":{"title":"Abriebschutz choco - F65 CB - ComTerra","description":"Izrazito kvalitetna habaju\u010da oprema za razli\u010dite primjene kod robusnih i abrazivnih radova. Korpe za bager, zubi, protektori, no\u017eevi i sl.","robots":{"index":"noindex","follow":"follow","max-snippet":"max-snippet:-1","max-image-preview":"max-image-preview:large","max-video-preview":"max-video-preview:-1"},"og_locale":"en_US","og_type":"article","og_title":"Abriebschutz choco - F65 CB - ComTerra","og_description":"Izrazito kvalitetna habaju\u010da oprema za razli\u010dite primjene kod robusnih i abrazivnih radova. Korpe za bager, zubi, protektori, no\u017eevi i sl.","og_url":"https:\/\/shop.comterra.eu\/en\/p\/abriebschutz-choco-f65-cb\/","og_site_name":"ComTerra","article_publisher":"https:\/\/web.facebook.com\/ComTerraEU","article_modified_time":"2022-10-26T11:46:57+00:00","og_image":[{"width":692,"height":519,"url":"https:\/\/shop.comterra.eu\/wp-content\/uploads\/2022\/04\/protektor-korpe-cokoladica.jpg","type":"image\/jpeg"}],"twitter_card":"summary_large_image","twitter_misc":{"Est. reading time":"1 minute"},"schema":{"@context":"https:\/\/schema.org","@graph":[{"@type":"WebPage","@id":"https:\/\/shop.comterra.eu\/p\/abriebschutz-choco-f65-cb\/","url":"https:\/\/shop.comterra.eu\/p\/abriebschutz-choco-f65-cb\/","name":"Abriebschutz choco - F65 CB - ComTerra","isPartOf":{"@id":"https:\/\/shop.comterra.eu\/#website"},"datePublished":"2022-04-12T12:19:34+00:00","dateModified":"2022-10-26T11:46:57+00:00","description":"Izrazito kvalitetna habaju\u010da oprema za razli\u010dite primjene kod robusnih i abrazivnih radova. Korpe za bager, zubi, protektori, no\u017eevi i sl.","breadcrumb":{"@id":"https:\/\/shop.comterra.eu\/p\/abriebschutz-choco-f65-cb\/#breadcrumb"},"inLanguage":"en-US","potentialAction":[{"@type":"ReadAction","target":["https:\/\/shop.comterra.eu\/p\/abriebschutz-choco-f65-cb\/"]}]},{"@type":"BreadcrumbList","@id":"https:\/\/shop.comterra.eu\/p\/abriebschutz-choco-f65-cb\/#breadcrumb","itemListElement":[{"@type":"ListItem","position":1,"name":"ComTerra SHOP &#8211; Willkommen","item":"https:\/\/shop.comterra.eu\/"},{"@type":"ListItem","position":2,"name":"Abriebschutz choco &#8211; F65 CB"}]},{"@type":"WebSite","@id":"https:\/\/shop.comterra.eu\/#website","url":"https:\/\/shop.comterra.eu\/","name":"ComTerra","description":"","publisher":{"@id":"https:\/\/shop.comterra.eu\/#organization"},"potentialAction":[{"@type":"SearchAction","target":{"@type":"EntryPoint","urlTemplate":"https:\/\/shop.comterra.eu\/?s={search_term_string}"},"query-input":"required name=search_term_string"}],"inLanguage":"en-US"},{"@type":"Organization","@id":"https:\/\/shop.comterra.eu\/#organization","name":"ComTerra","url":"https:\/\/shop.comterra.eu\/","logo":{"@type":"ImageObject","inLanguage":"en-US","@id":"https:\/\/shop.comterra.eu\/#\/schema\/logo\/image\/","url":"https:\/\/shop.comterra.eu\/wp-content\/uploads\/2019\/12\/cropped-logo.png","contentUrl":"https:\/\/shop.comterra.eu\/wp-content\/uploads\/2019\/12\/cropped-logo.png","width":379,"height":89,"caption":"ComTerra"},"image":{"@id":"https:\/\/shop.comterra.eu\/#\/schema\/logo\/image\/"},"sameAs":["https:\/\/www.youtube.com\/channel\/UCn4vG_rMnFID5Hg_ooZKieg","https:\/\/web.facebook.com\/ComTerraEU"]}]}},"_links":{"self":[{"href":"https:\/\/shop.comterra.eu\/en\/wp-json\/wp\/v2\/product\/11388"}],"collection":[{"href":"https:\/\/shop.comterra.eu\/en\/wp-json\/wp\/v2\/product"}],"about":[{"href":"https:\/\/shop.comterra.eu\/en\/wp-json\/wp\/v2\/types\/product"}],"wp:featuredmedia":[{"embeddable":true,"href":"https:\/\/shop.comterra.eu\/en\/wp-json\/wp\/v2\/media\/11381"}],"wp:attachment":[{"href":"https:\/\/shop.comterra.eu\/en\/wp-json\/wp\/v2\/media?parent=11388"}],"wp:term":[{"taxonomy":"product_cat","embeddable":true,"href":"https:\/\/shop.comterra.eu\/en\/wp-json\/wp\/v2\/product_cat?post=11388"},{"taxonomy":"product_tag","embeddable":true,"href":"https:\/\/shop.comterra.eu\/en\/wp-json\/wp\/v2\/product_tag?post=11388"}],"curies":[{"name":"wp","href":"https:\/\/api.w.org\/{rel}","templated":true}]}}