{"id":11251,"date":"2022-04-07T12:01:15","date_gmt":"2022-04-07T12:01:15","guid":{"rendered":"https:\/\/shop.comterra.eu\/?post_type=product&#038;p=11251"},"modified":"2022-10-25T13:46:57","modified_gmt":"2022-10-25T13:46:57","slug":"vakuumheber-uni-levator-wimag","status":"publish","type":"product","link":"https:\/\/shop.comterra.eu\/en\/p\/vakuumheber-uni-levator-wimag\/","title":{"rendered":"Vakuumheber UNI &#8211; Levator WiMAG"},"content":{"rendered":"<h3><strong>Modularni Univerzalni vakuumski diza\u010d za ru\u010dnu upotrebu i upravljanje dizalicom.<br \/>\n<\/strong><\/h3>\n<ul>\n<li>Za ru\u010dnu upotrebu i upravljanje dizalicama\n<\/li>\n<li>Posebni dodaci kao npr B. Traverze i usisne plo\u010de ve\u0107e nosivosti ili usisne plo\u010de za profilirane dijelove, na zahtjev.<\/li>\n<li>Prijenosni kapacitet: od 50 do 2500 kg ovisno o modelu<\/li>\n<\/ul>\n<p>Tra\u017eite li vakuumski diza\u010d za ru\u010dnu upotrebu, ali tako\u0111er \u017eelite podizati te\u0161ke komade svojim utovariva\u010dem na kota\u010dima? Sve je mogu\u010de sa Uni-Levatorom. Uni-Levator smo razvijen je kao modularni sustav za gotovo sve zamislive primjene i materijale, kao \u0161to su prirodni i betonski blokovi.<\/p>\n<p>Sna\u017ena pumpa svladava i problemati\u010dne materijale i povr\u0161ine, kao \u0161to su npr. B. stepenice ili rubnjake. Pojedina\u010dne komponente mogu se brzo zamijeniti. \u017delite li ru\u010dno polagati plo\u010de? Nema problema. Uzmite osnovni ure\u0111aj, koji se tako\u0111er mo\u017ee opremiti valjcima za lak\u0161e kretanje, i spojite dva nosa\u010da, na primjer, na cijev du\u017eine 5 m; ako nema struje, moe\u017ee se staviti generator.<\/p>\n<p>\u017delite li polo\u017eiti plo\u010de sa svojom dizalicom? Tako\u0111er nema problema. Uzimate osnovni ure\u0111aj, usisnu plo\u010du i sigurnosni paket, a po potrebi i generator. Zaka\u010dite kuku za utovar i krenite. Uni-Levator se smije koristiti samo u podru\u010dju blizu tla. Prema EN 13155, kada se koristi na gradili\u0161tima, vakuumski podiza\u010d tako\u0111er mora biti opremljen dr\u017ea\u010dem koji se uklapa u oblik (npr. s dva sigurnosna lanca).<\/p>\n<h4><strong>WiMAG &#8211; Njema\u010dka kvaliteta:<\/strong><\/h4>\n<p>Obiteljski posao u 7. generaciji! WIMAG GmbH iza sebe ima vi\u0161e od 200 godina povijesti obiteljske tvrtke te svoje proizvode ekskluzivno proizvodi isklju\u010divo u Njema\u010dkoj.<\/p>","protected":false},"excerpt":{"rendered":"<p>WiMAG<br \/>\nGermany<\/p>","protected":false},"featured_media":11256,"template":"","meta":[],"product_cat":[906,23],"product_tag":[],"yoast_head":"<!-- This site is optimized with the Yoast SEO plugin v20.0 - https:\/\/yoast.com\/wordpress\/plugins\/seo\/ -->\n<title>Vakuumheber UNI - Levator WiMAG - ComTerra<\/title>\n<meta name=\"description\" content=\"Vakuumske hvataljke i podiza\u010di vrhunskog proizvo\u0111a\u010da WiMAG Germany. Usisni podiza\u010di za plo\u010dice, kamen, staklo, metal i sl. te\u017eine max 2500kg.\" \/>\n<meta name=\"robots\" content=\"noindex, follow, max-snippet:-1, max-image-preview:large, max-video-preview:-1\" \/>\n<meta property=\"og:locale\" content=\"en_US\" \/>\n<meta property=\"og:type\" content=\"article\" \/>\n<meta property=\"og:title\" content=\"Vakuumheber UNI - Levator WiMAG - ComTerra\" \/>\n<meta property=\"og:description\" content=\"Vakuumske hvataljke i podiza\u010di vrhunskog proizvo\u0111a\u010da WiMAG Germany. Usisni podiza\u010di za plo\u010dice, kamen, staklo, metal i sl. te\u017eine max 2500kg.\" \/>\n<meta property=\"og:url\" content=\"https:\/\/shop.comterra.eu\/en\/p\/vakuumheber-uni-levator-wimag\/\" \/>\n<meta property=\"og:site_name\" content=\"ComTerra\" \/>\n<meta property=\"article:publisher\" content=\"https:\/\/web.facebook.com\/ComTerraEU\" \/>\n<meta property=\"article:modified_time\" content=\"2022-10-25T13:46:57+00:00\" \/>\n<meta property=\"og:image\" content=\"https:\/\/shop.comterra.eu\/wp-content\/uploads\/2022\/04\/Vakum-podizac-Uni-Levator-WiMAG-6.jpg\" \/>\n\t<meta property=\"og:image:width\" content=\"1067\" \/>\n\t<meta property=\"og:image:height\" content=\"800\" \/>\n\t<meta property=\"og:image:type\" content=\"image\/jpeg\" \/>\n<meta name=\"twitter:card\" content=\"summary_large_image\" \/>\n<meta name=\"twitter:label1\" content=\"Est. reading time\" \/>\n\t<meta name=\"twitter:data1\" content=\"2 minutes\" \/>\n<script type=\"application\/ld+json\" class=\"yoast-schema-graph\">{\"@context\":\"https:\/\/schema.org\",\"@graph\":[{\"@type\":\"WebPage\",\"@id\":\"https:\/\/shop.comterra.eu\/p\/vakuumheber-uni-levator-wimag\/\",\"url\":\"https:\/\/shop.comterra.eu\/p\/vakuumheber-uni-levator-wimag\/\",\"name\":\"Vakuumheber UNI - Levator WiMAG - ComTerra\",\"isPartOf\":{\"@id\":\"https:\/\/shop.comterra.eu\/#website\"},\"datePublished\":\"2022-04-07T12:01:15+00:00\",\"dateModified\":\"2022-10-25T13:46:57+00:00\",\"description\":\"Vakuumske hvataljke i podiza\u010di vrhunskog proizvo\u0111a\u010da WiMAG Germany. Usisni podiza\u010di za plo\u010dice, kamen, staklo, metal i sl. te\u017eine max 2500kg.\",\"breadcrumb\":{\"@id\":\"https:\/\/shop.comterra.eu\/p\/vakuumheber-uni-levator-wimag\/#breadcrumb\"},\"inLanguage\":\"en-US\",\"potentialAction\":[{\"@type\":\"ReadAction\",\"target\":[\"https:\/\/shop.comterra.eu\/p\/vakuumheber-uni-levator-wimag\/\"]}]},{\"@type\":\"BreadcrumbList\",\"@id\":\"https:\/\/shop.comterra.eu\/p\/vakuumheber-uni-levator-wimag\/#breadcrumb\",\"itemListElement\":[{\"@type\":\"ListItem\",\"position\":1,\"name\":\"ComTerra SHOP &#8211; Willkommen\",\"item\":\"https:\/\/shop.comterra.eu\/\"},{\"@type\":\"ListItem\",\"position\":2,\"name\":\"Vakuumheber UNI &#8211; Levator WiMAG\"}]},{\"@type\":\"WebSite\",\"@id\":\"https:\/\/shop.comterra.eu\/#website\",\"url\":\"https:\/\/shop.comterra.eu\/\",\"name\":\"ComTerra\",\"description\":\"\",\"publisher\":{\"@id\":\"https:\/\/shop.comterra.eu\/#organization\"},\"potentialAction\":[{\"@type\":\"SearchAction\",\"target\":{\"@type\":\"EntryPoint\",\"urlTemplate\":\"https:\/\/shop.comterra.eu\/?s={search_term_string}\"},\"query-input\":\"required name=search_term_string\"}],\"inLanguage\":\"en-US\"},{\"@type\":\"Organization\",\"@id\":\"https:\/\/shop.comterra.eu\/#organization\",\"name\":\"ComTerra\",\"url\":\"https:\/\/shop.comterra.eu\/\",\"logo\":{\"@type\":\"ImageObject\",\"inLanguage\":\"en-US\",\"@id\":\"https:\/\/shop.comterra.eu\/#\/schema\/logo\/image\/\",\"url\":\"https:\/\/shop.comterra.eu\/wp-content\/uploads\/2019\/12\/cropped-logo.png\",\"contentUrl\":\"https:\/\/shop.comterra.eu\/wp-content\/uploads\/2019\/12\/cropped-logo.png\",\"width\":379,\"height\":89,\"caption\":\"ComTerra\"},\"image\":{\"@id\":\"https:\/\/shop.comterra.eu\/#\/schema\/logo\/image\/\"},\"sameAs\":[\"https:\/\/www.youtube.com\/channel\/UCn4vG_rMnFID5Hg_ooZKieg\",\"https:\/\/web.facebook.com\/ComTerraEU\"]}]}<\/script>\n<!-- \/ Yoast SEO plugin. -->","yoast_head_json":{"title":"Vakuumheber UNI - Levator WiMAG - ComTerra","description":"Vakuumske hvataljke i podiza\u010di vrhunskog proizvo\u0111a\u010da WiMAG Germany. Usisni podiza\u010di za plo\u010dice, kamen, staklo, metal i sl. te\u017eine max 2500kg.","robots":{"index":"noindex","follow":"follow","max-snippet":"max-snippet:-1","max-image-preview":"max-image-preview:large","max-video-preview":"max-video-preview:-1"},"og_locale":"en_US","og_type":"article","og_title":"Vakuumheber UNI - Levator WiMAG - ComTerra","og_description":"Vakuumske hvataljke i podiza\u010di vrhunskog proizvo\u0111a\u010da WiMAG Germany. Usisni podiza\u010di za plo\u010dice, kamen, staklo, metal i sl. te\u017eine max 2500kg.","og_url":"https:\/\/shop.comterra.eu\/en\/p\/vakuumheber-uni-levator-wimag\/","og_site_name":"ComTerra","article_publisher":"https:\/\/web.facebook.com\/ComTerraEU","article_modified_time":"2022-10-25T13:46:57+00:00","og_image":[{"width":1067,"height":800,"url":"https:\/\/shop.comterra.eu\/wp-content\/uploads\/2022\/04\/Vakum-podizac-Uni-Levator-WiMAG-6.jpg","type":"image\/jpeg"}],"twitter_card":"summary_large_image","twitter_misc":{"Est. reading time":"2 minutes"},"schema":{"@context":"https:\/\/schema.org","@graph":[{"@type":"WebPage","@id":"https:\/\/shop.comterra.eu\/p\/vakuumheber-uni-levator-wimag\/","url":"https:\/\/shop.comterra.eu\/p\/vakuumheber-uni-levator-wimag\/","name":"Vakuumheber UNI - Levator WiMAG - ComTerra","isPartOf":{"@id":"https:\/\/shop.comterra.eu\/#website"},"datePublished":"2022-04-07T12:01:15+00:00","dateModified":"2022-10-25T13:46:57+00:00","description":"Vakuumske hvataljke i podiza\u010di vrhunskog proizvo\u0111a\u010da WiMAG Germany. Usisni podiza\u010di za plo\u010dice, kamen, staklo, metal i sl. te\u017eine max 2500kg.","breadcrumb":{"@id":"https:\/\/shop.comterra.eu\/p\/vakuumheber-uni-levator-wimag\/#breadcrumb"},"inLanguage":"en-US","potentialAction":[{"@type":"ReadAction","target":["https:\/\/shop.comterra.eu\/p\/vakuumheber-uni-levator-wimag\/"]}]},{"@type":"BreadcrumbList","@id":"https:\/\/shop.comterra.eu\/p\/vakuumheber-uni-levator-wimag\/#breadcrumb","itemListElement":[{"@type":"ListItem","position":1,"name":"ComTerra SHOP &#8211; Willkommen","item":"https:\/\/shop.comterra.eu\/"},{"@type":"ListItem","position":2,"name":"Vakuumheber UNI &#8211; Levator WiMAG"}]},{"@type":"WebSite","@id":"https:\/\/shop.comterra.eu\/#website","url":"https:\/\/shop.comterra.eu\/","name":"ComTerra","description":"","publisher":{"@id":"https:\/\/shop.comterra.eu\/#organization"},"potentialAction":[{"@type":"SearchAction","target":{"@type":"EntryPoint","urlTemplate":"https:\/\/shop.comterra.eu\/?s={search_term_string}"},"query-input":"required name=search_term_string"}],"inLanguage":"en-US"},{"@type":"Organization","@id":"https:\/\/shop.comterra.eu\/#organization","name":"ComTerra","url":"https:\/\/shop.comterra.eu\/","logo":{"@type":"ImageObject","inLanguage":"en-US","@id":"https:\/\/shop.comterra.eu\/#\/schema\/logo\/image\/","url":"https:\/\/shop.comterra.eu\/wp-content\/uploads\/2019\/12\/cropped-logo.png","contentUrl":"https:\/\/shop.comterra.eu\/wp-content\/uploads\/2019\/12\/cropped-logo.png","width":379,"height":89,"caption":"ComTerra"},"image":{"@id":"https:\/\/shop.comterra.eu\/#\/schema\/logo\/image\/"},"sameAs":["https:\/\/www.youtube.com\/channel\/UCn4vG_rMnFID5Hg_ooZKieg","https:\/\/web.facebook.com\/ComTerraEU"]}]}},"_links":{"self":[{"href":"https:\/\/shop.comterra.eu\/en\/wp-json\/wp\/v2\/product\/11251"}],"collection":[{"href":"https:\/\/shop.comterra.eu\/en\/wp-json\/wp\/v2\/product"}],"about":[{"href":"https:\/\/shop.comterra.eu\/en\/wp-json\/wp\/v2\/types\/product"}],"wp:featuredmedia":[{"embeddable":true,"href":"https:\/\/shop.comterra.eu\/en\/wp-json\/wp\/v2\/media\/11256"}],"wp:attachment":[{"href":"https:\/\/shop.comterra.eu\/en\/wp-json\/wp\/v2\/media?parent=11251"}],"wp:term":[{"taxonomy":"product_cat","embeddable":true,"href":"https:\/\/shop.comterra.eu\/en\/wp-json\/wp\/v2\/product_cat?post=11251"},{"taxonomy":"product_tag","embeddable":true,"href":"https:\/\/shop.comterra.eu\/en\/wp-json\/wp\/v2\/product_tag?post=11251"}],"curies":[{"name":"wp","href":"https:\/\/api.w.org\/{rel}","templated":true}]}}