{"id":11213,"date":"2022-04-07T09:14:07","date_gmt":"2022-04-07T09:14:07","guid":{"rendered":"https:\/\/shop.comterra.eu\/?post_type=product&#038;p=11213"},"modified":"2022-10-25T13:49:40","modified_gmt":"2022-10-25T13:49:40","slug":"vakuumheber-beta-levator-wimag","status":"publish","type":"product","link":"https:\/\/shop.comterra.eu\/en\/p\/vakuumheber-beta-levator-wimag\/","title":{"rendered":"Vakuumheber Beta Levator WiMAG"},"content":{"rendered":"<h3><strong>Vakuumski podiza\u010d za profesionalce &#8211; Beta Levator: Savr\u0161ena tehnika dizanja. . .<\/strong><\/h3>\n<ul>\n<li>Idealno za ure\u0111iva\u010de vrtova i tvrtke za proizvodnju prirodnog kamena<\/li>\n<li>Visoka energija kroz lithium baterije<\/li>\n<li>Za glatke i hrapave povr\u0161ine<\/li>\n<li>Pogodno za materijale kao \u0161to su B. plo\u010dice, prirodni kamen, betonske plo\u010de, plastika, staklo, metal, &#8230;.<\/li>\n<\/ul>\n<p>Vakuumski podiza\u010d s radom na bateriju ili iz mre\u017ee!<\/p>\n<p>Sve glatke\/hrapave povr\u0161ine, kao \u0161to su prirodni kamen ili betonske plo\u010de, mogu se lako podi\u0107i, transportirati i polo\u017eiti pomo\u0107u Beta-Lifta. Vakmuska plo\u010da se pri\u010dvr\u0161\u0107uje odmah nakon stavljanja. Vakuumska plo\u010da se otpu\u0161ta samo kada to \u017eelite: ventil se otvara u tu svrhu.<\/p>\n<h4><strong>WiMAG &#8211; Njema\u010dka kvaliteta:<\/strong><\/h4>\n<p>Obiteljski posao u 7. generaciji! WIMAG GmbH iza sebe ima vi\u0161e od 200 godina povijesti obiteljske tvrtke te svoje proizvode ekskluzivno proizvodi isklju\u010divo u Njema\u010dkoj.<\/p>\n<h4><strong>Tehnologija<\/strong><\/h4>\n<p>Beta-Levator se sastoji od stabilnog aluminijskog ku\u0107i\u0161ta u kojem su smje\u0161tene sve komponente. Vakuumska pumpa stvara negativni tlak. Vakuumska komora je zape\u010da\u0107ena elasti\u010dnom gumom. Brtva je samoljepljiva i lako se mijenja.<\/p>\n<h4><strong>Osnovni Ure\u0111aj<\/strong><\/h4>\n<p>Vakuumski diza\u010d s dva nosa\u010da za rad dvije osobe. Dvostruki nosa\u010d se mo\u017ee podesiti po visini od 500 do 700 mm i po \u0161irini od 850 do 1250 mm. Ure\u0111aj je standardno opremljen separatorom vode i manometrom.<\/p>\n<h4><strong>Rad baterije<\/strong><\/h4>\n<p>Sna\u017ena litijska baterija nema efekt memorije i omogu\u0107uje kontinuirani rad od oko 3 sata. Vrijeme punjenja punja\u010dem za 230V-50Hz je cca 2 sata.<\/p>\n<table>\n<tbody>\n<tr>\n<td><strong>Br.<\/strong><\/td>\n<td><strong>Model<\/strong><\/td>\n<td>Maks. podizanje<\/td>\n<td>\u0160irina x Du\u017eina<\/td>\n<td><\/td>\n<td><strong>Te\u017eina<\/strong><strong><br \/>\n<\/strong><\/td>\n<\/tr>\n<tr>\n<td>816 200-2<\/td>\n<td>Osnovni model &#8211; Beta Levator &#8211; s dva nosa\u010da i 2 izmjenjive baterije<\/td>\n<td>100kg**<\/td>\n<td>230 x 275 mm<\/td>\n<td><\/td>\n<td>12 kg<\/td>\n<\/tr>\n<\/tbody>\n<\/table>\n<p>*Vakumski podiza\u010di smiju se koristiti samo blizu tla, a ne na dizalicama<br \/>\n**Maksimalna nosivost na optimalnoj povr\u0161ini i sa negativnim tlakom od najmanje -0,65 bara. Kod hrapavih ili poroznih povr\u0161ina, nosivost je smanjena ili ne postoji.<\/p>","protected":false},"excerpt":{"rendered":"<p>WiMAG<br \/>\nGermany<\/p>","protected":false},"featured_media":11217,"template":"","meta":[],"product_cat":[906,23],"product_tag":[],"yoast_head":"<!-- This site is optimized with the Yoast SEO plugin v20.0 - https:\/\/yoast.com\/wordpress\/plugins\/seo\/ -->\n<title>Vakuumheber Beta Levator WiMAG - ComTerra<\/title>\n<meta name=\"description\" content=\"Vakuumske hvataljke i podiza\u010di vrhunskog proizvo\u0111a\u010da WiMAG Germany. Usisni podiza\u010di za plo\u010dice, kamen, staklo, metal i sl. te\u017eine i do 150kg.\" \/>\n<meta name=\"robots\" content=\"noindex, follow, max-snippet:-1, max-image-preview:large, max-video-preview:-1\" \/>\n<meta property=\"og:locale\" content=\"en_US\" \/>\n<meta property=\"og:type\" content=\"article\" \/>\n<meta property=\"og:title\" content=\"Vakuumheber Beta Levator WiMAG - ComTerra\" \/>\n<meta property=\"og:description\" content=\"Vakuumske hvataljke i podiza\u010di vrhunskog proizvo\u0111a\u010da WiMAG Germany. Usisni podiza\u010di za plo\u010dice, kamen, staklo, metal i sl. te\u017eine i do 150kg.\" \/>\n<meta property=\"og:url\" content=\"https:\/\/shop.comterra.eu\/en\/p\/vakuumheber-beta-levator-wimag\/\" \/>\n<meta property=\"og:site_name\" content=\"ComTerra\" \/>\n<meta property=\"article:publisher\" content=\"https:\/\/web.facebook.com\/ComTerraEU\" \/>\n<meta property=\"article:modified_time\" content=\"2022-10-25T13:49:40+00:00\" \/>\n<meta property=\"og:image\" content=\"https:\/\/shop.comterra.eu\/wp-content\/uploads\/2022\/04\/Vakum-hvataljke-Beta-Levator-WiMAG.jpg\" \/>\n\t<meta property=\"og:image:width\" content=\"1066\" \/>\n\t<meta property=\"og:image:height\" content=\"800\" \/>\n\t<meta property=\"og:image:type\" content=\"image\/jpeg\" \/>\n<meta name=\"twitter:card\" content=\"summary_large_image\" \/>\n<meta name=\"twitter:label1\" content=\"Est. reading time\" \/>\n\t<meta name=\"twitter:data1\" content=\"1 minute\" \/>\n<script type=\"application\/ld+json\" class=\"yoast-schema-graph\">{\"@context\":\"https:\/\/schema.org\",\"@graph\":[{\"@type\":\"WebPage\",\"@id\":\"https:\/\/shop.comterra.eu\/p\/vakuumheber-beta-levator-wimag\/\",\"url\":\"https:\/\/shop.comterra.eu\/p\/vakuumheber-beta-levator-wimag\/\",\"name\":\"Vakuumheber Beta Levator WiMAG - ComTerra\",\"isPartOf\":{\"@id\":\"https:\/\/shop.comterra.eu\/#website\"},\"datePublished\":\"2022-04-07T09:14:07+00:00\",\"dateModified\":\"2022-10-25T13:49:40+00:00\",\"description\":\"Vakuumske hvataljke i podiza\u010di vrhunskog proizvo\u0111a\u010da WiMAG Germany. Usisni podiza\u010di za plo\u010dice, kamen, staklo, metal i sl. te\u017eine i do 150kg.\",\"breadcrumb\":{\"@id\":\"https:\/\/shop.comterra.eu\/p\/vakuumheber-beta-levator-wimag\/#breadcrumb\"},\"inLanguage\":\"en-US\",\"potentialAction\":[{\"@type\":\"ReadAction\",\"target\":[\"https:\/\/shop.comterra.eu\/p\/vakuumheber-beta-levator-wimag\/\"]}]},{\"@type\":\"BreadcrumbList\",\"@id\":\"https:\/\/shop.comterra.eu\/p\/vakuumheber-beta-levator-wimag\/#breadcrumb\",\"itemListElement\":[{\"@type\":\"ListItem\",\"position\":1,\"name\":\"ComTerra SHOP &#8211; Willkommen\",\"item\":\"https:\/\/shop.comterra.eu\/\"},{\"@type\":\"ListItem\",\"position\":2,\"name\":\"Vakuumheber Beta Levator WiMAG\"}]},{\"@type\":\"WebSite\",\"@id\":\"https:\/\/shop.comterra.eu\/#website\",\"url\":\"https:\/\/shop.comterra.eu\/\",\"name\":\"ComTerra\",\"description\":\"\",\"publisher\":{\"@id\":\"https:\/\/shop.comterra.eu\/#organization\"},\"potentialAction\":[{\"@type\":\"SearchAction\",\"target\":{\"@type\":\"EntryPoint\",\"urlTemplate\":\"https:\/\/shop.comterra.eu\/?s={search_term_string}\"},\"query-input\":\"required name=search_term_string\"}],\"inLanguage\":\"en-US\"},{\"@type\":\"Organization\",\"@id\":\"https:\/\/shop.comterra.eu\/#organization\",\"name\":\"ComTerra\",\"url\":\"https:\/\/shop.comterra.eu\/\",\"logo\":{\"@type\":\"ImageObject\",\"inLanguage\":\"en-US\",\"@id\":\"https:\/\/shop.comterra.eu\/#\/schema\/logo\/image\/\",\"url\":\"https:\/\/shop.comterra.eu\/wp-content\/uploads\/2019\/12\/cropped-logo.png\",\"contentUrl\":\"https:\/\/shop.comterra.eu\/wp-content\/uploads\/2019\/12\/cropped-logo.png\",\"width\":379,\"height\":89,\"caption\":\"ComTerra\"},\"image\":{\"@id\":\"https:\/\/shop.comterra.eu\/#\/schema\/logo\/image\/\"},\"sameAs\":[\"https:\/\/www.youtube.com\/channel\/UCn4vG_rMnFID5Hg_ooZKieg\",\"https:\/\/web.facebook.com\/ComTerraEU\"]}]}<\/script>\n<!-- \/ Yoast SEO plugin. -->","yoast_head_json":{"title":"Vakuumheber Beta Levator WiMAG - ComTerra","description":"Vakuumske hvataljke i podiza\u010di vrhunskog proizvo\u0111a\u010da WiMAG Germany. Usisni podiza\u010di za plo\u010dice, kamen, staklo, metal i sl. te\u017eine i do 150kg.","robots":{"index":"noindex","follow":"follow","max-snippet":"max-snippet:-1","max-image-preview":"max-image-preview:large","max-video-preview":"max-video-preview:-1"},"og_locale":"en_US","og_type":"article","og_title":"Vakuumheber Beta Levator WiMAG - ComTerra","og_description":"Vakuumske hvataljke i podiza\u010di vrhunskog proizvo\u0111a\u010da WiMAG Germany. Usisni podiza\u010di za plo\u010dice, kamen, staklo, metal i sl. te\u017eine i do 150kg.","og_url":"https:\/\/shop.comterra.eu\/en\/p\/vakuumheber-beta-levator-wimag\/","og_site_name":"ComTerra","article_publisher":"https:\/\/web.facebook.com\/ComTerraEU","article_modified_time":"2022-10-25T13:49:40+00:00","og_image":[{"width":1066,"height":800,"url":"https:\/\/shop.comterra.eu\/wp-content\/uploads\/2022\/04\/Vakum-hvataljke-Beta-Levator-WiMAG.jpg","type":"image\/jpeg"}],"twitter_card":"summary_large_image","twitter_misc":{"Est. reading time":"1 minute"},"schema":{"@context":"https:\/\/schema.org","@graph":[{"@type":"WebPage","@id":"https:\/\/shop.comterra.eu\/p\/vakuumheber-beta-levator-wimag\/","url":"https:\/\/shop.comterra.eu\/p\/vakuumheber-beta-levator-wimag\/","name":"Vakuumheber Beta Levator WiMAG - ComTerra","isPartOf":{"@id":"https:\/\/shop.comterra.eu\/#website"},"datePublished":"2022-04-07T09:14:07+00:00","dateModified":"2022-10-25T13:49:40+00:00","description":"Vakuumske hvataljke i podiza\u010di vrhunskog proizvo\u0111a\u010da WiMAG Germany. Usisni podiza\u010di za plo\u010dice, kamen, staklo, metal i sl. te\u017eine i do 150kg.","breadcrumb":{"@id":"https:\/\/shop.comterra.eu\/p\/vakuumheber-beta-levator-wimag\/#breadcrumb"},"inLanguage":"en-US","potentialAction":[{"@type":"ReadAction","target":["https:\/\/shop.comterra.eu\/p\/vakuumheber-beta-levator-wimag\/"]}]},{"@type":"BreadcrumbList","@id":"https:\/\/shop.comterra.eu\/p\/vakuumheber-beta-levator-wimag\/#breadcrumb","itemListElement":[{"@type":"ListItem","position":1,"name":"ComTerra SHOP &#8211; Willkommen","item":"https:\/\/shop.comterra.eu\/"},{"@type":"ListItem","position":2,"name":"Vakuumheber Beta Levator WiMAG"}]},{"@type":"WebSite","@id":"https:\/\/shop.comterra.eu\/#website","url":"https:\/\/shop.comterra.eu\/","name":"ComTerra","description":"","publisher":{"@id":"https:\/\/shop.comterra.eu\/#organization"},"potentialAction":[{"@type":"SearchAction","target":{"@type":"EntryPoint","urlTemplate":"https:\/\/shop.comterra.eu\/?s={search_term_string}"},"query-input":"required name=search_term_string"}],"inLanguage":"en-US"},{"@type":"Organization","@id":"https:\/\/shop.comterra.eu\/#organization","name":"ComTerra","url":"https:\/\/shop.comterra.eu\/","logo":{"@type":"ImageObject","inLanguage":"en-US","@id":"https:\/\/shop.comterra.eu\/#\/schema\/logo\/image\/","url":"https:\/\/shop.comterra.eu\/wp-content\/uploads\/2019\/12\/cropped-logo.png","contentUrl":"https:\/\/shop.comterra.eu\/wp-content\/uploads\/2019\/12\/cropped-logo.png","width":379,"height":89,"caption":"ComTerra"},"image":{"@id":"https:\/\/shop.comterra.eu\/#\/schema\/logo\/image\/"},"sameAs":["https:\/\/www.youtube.com\/channel\/UCn4vG_rMnFID5Hg_ooZKieg","https:\/\/web.facebook.com\/ComTerraEU"]}]}},"_links":{"self":[{"href":"https:\/\/shop.comterra.eu\/en\/wp-json\/wp\/v2\/product\/11213"}],"collection":[{"href":"https:\/\/shop.comterra.eu\/en\/wp-json\/wp\/v2\/product"}],"about":[{"href":"https:\/\/shop.comterra.eu\/en\/wp-json\/wp\/v2\/types\/product"}],"wp:featuredmedia":[{"embeddable":true,"href":"https:\/\/shop.comterra.eu\/en\/wp-json\/wp\/v2\/media\/11217"}],"wp:attachment":[{"href":"https:\/\/shop.comterra.eu\/en\/wp-json\/wp\/v2\/media?parent=11213"}],"wp:term":[{"taxonomy":"product_cat","embeddable":true,"href":"https:\/\/shop.comterra.eu\/en\/wp-json\/wp\/v2\/product_cat?post=11213"},{"taxonomy":"product_tag","embeddable":true,"href":"https:\/\/shop.comterra.eu\/en\/wp-json\/wp\/v2\/product_tag?post=11213"}],"curies":[{"name":"wp","href":"https:\/\/api.w.org\/{rel}","templated":true}]}}