{"id":11142,"date":"2022-03-30T14:02:44","date_gmt":"2022-03-30T14:02:44","guid":{"rendered":"https:\/\/shop.comterra.eu\/?post_type=product&#038;p=11142"},"modified":"2022-06-07T11:52:46","modified_gmt":"2022-06-07T11:52:46","slug":"hardox-hituf","status":"publish","type":"product","link":"https:\/\/shop.comterra.eu\/en\/p\/hardox-hituf\/","title":{"rendered":"HARDOX HiTUF"},"content":{"rendered":"<p>Proizvodnja i prodaja no\u017eeva po mjeri. Izra\u0111eni od Hardox HB450 HB500 HB550 HB600 Hardox HiTUF materijala.<br \/>\nGotovi profili rezani na mjeru!<\/p>\n<p>HARDOX \u010deli\u010dne plo\u010de napravljene su od visoko kvalitetnog materijala visokootpotnog i na najzahtjevnije habaju\u0107e uvjete! Hardox metal zbog svojih vrhunskih specifikacija zadovoljava i one najzahtjevnije uvjete u svim djelatnostima.<\/p>\n<p>HARDOX prednosti koje ga \u010dine pogodnim za \u0161iroku primjenu:<\/p>\n<ul>\n<li>Homogenost materijala<\/li>\n<li>Visoka tvrdo\u0107a<\/li>\n<li>Odli\u010dna \u010dvrsto\u0107a<\/li>\n<li>\u017dilavost materijala<\/li>\n<\/ul>\n<p><strong>Napravljen da primi udarac!<\/strong><\/p>\n<p>Kamenje, pijesak, ugljen, minerali, otpadni metal i drugi abrazivni materijali te\u0161ko ostavljaju trajni utjecaj na Hardox\u00ae habaju\u0107e plo\u010de. Svojom kombinacijom visoke tvrdo\u0107e, \u010dvrsto\u0107e i \u017eilavosti, Hardox\u00ae \u010delik se pokazao kao \u010delik otporan na habanje za produljenje vijeka trajanja opreme, dijelova i konstrukcija u najzahtjevnijim okru\u017eenjima.<\/p>\n<p>\u017dIVOTNI VIJEK koji je i do 3x du\u017ei od klasi\u010dnog \u017eeljeza.<\/p>\n<table width=\"192\">\n<tbody>\n<tr>\n<td width=\"64\">Debljine (mm)<\/td>\n<td width=\"64\">\u0160irina (mm)<\/td>\n<td width=\"64\">Du\u017eina (mm)<\/td>\n<\/tr>\n<tr>\n<td>4, 5, 6, 8 10, 12, 15, 20, 25, 30, 35, 40, 45, 50, 60<\/td>\n<td>Od 500 do 2000<\/td>\n<td>Od 500 do 6000<\/td>\n<\/tr>\n<\/tbody>\n<\/table>","protected":false},"excerpt":{"rendered":"<p>Proizvodnja i prodaja no\u017eeva po mjeri. Izra\u0111eni od Hardox HB450 HB500 HB550 HB600 Hardox HiTUF materijala. Gotovi profili rezani na mjeru! HARDOX \u010deli\u010dne plo\u010de napravljene su od visoko kvalitetnog materijala visokootpotnog i na najzahtjevnije habaju\u0107e uvjete! Hardox metal zbog svojih vrhunskih specifikacija zadovoljava i one najzahtjevnije uvjete u svim djelatnostima. HARDOX prednosti koje ga \u010dine [&hellip;]<\/p>","protected":false},"featured_media":11141,"template":"","meta":[],"product_cat":[901],"product_tag":[],"yoast_head":"<!-- This site is optimized with the Yoast SEO plugin v20.0 - https:\/\/yoast.com\/wordpress\/plugins\/seo\/ -->\n<title>HARDOX HiTUF - ComTerra<\/title>\n<meta name=\"description\" content=\"\u010celi\u010dne plo\u010de HARDOX sa ekstemno visokom tvrdo\u0107om, \u010dvrsto\u0107om i \u017eilavo\u0161\u0107u. Super cijena. Proizvodnja i prodaja po mjeri.\" \/>\n<meta name=\"robots\" content=\"noindex, follow, max-snippet:-1, max-image-preview:large, max-video-preview:-1\" \/>\n<meta property=\"og:locale\" content=\"en_US\" \/>\n<meta property=\"og:type\" content=\"article\" \/>\n<meta property=\"og:title\" content=\"HARDOX HiTUF - ComTerra\" \/>\n<meta property=\"og:description\" content=\"\u010celi\u010dne plo\u010de HARDOX sa ekstemno visokom tvrdo\u0107om, \u010dvrsto\u0107om i \u017eilavo\u0161\u0107u. Super cijena. Proizvodnja i prodaja po mjeri.\" \/>\n<meta property=\"og:url\" content=\"https:\/\/shop.comterra.eu\/en\/p\/hardox-hituf\/\" \/>\n<meta property=\"og:site_name\" content=\"ComTerra\" \/>\n<meta property=\"article:publisher\" content=\"https:\/\/web.facebook.com\/ComTerraEU\" \/>\n<meta property=\"article:modified_time\" content=\"2022-06-07T11:52:46+00:00\" \/>\n<meta property=\"og:image\" content=\"https:\/\/shop.comterra.eu\/wp-content\/uploads\/2022\/03\/Hardox-600.jpg\" \/>\n\t<meta property=\"og:image:width\" content=\"1440\" \/>\n\t<meta property=\"og:image:height\" content=\"1440\" \/>\n\t<meta property=\"og:image:type\" content=\"image\/jpeg\" \/>\n<meta name=\"twitter:card\" content=\"summary_large_image\" \/>\n<meta name=\"twitter:label1\" content=\"Est. reading time\" \/>\n\t<meta name=\"twitter:data1\" content=\"1 minute\" \/>\n<script type=\"application\/ld+json\" class=\"yoast-schema-graph\">{\"@context\":\"https:\/\/schema.org\",\"@graph\":[{\"@type\":\"WebPage\",\"@id\":\"https:\/\/shop.comterra.eu\/p\/hardox-hituf\/\",\"url\":\"https:\/\/shop.comterra.eu\/p\/hardox-hituf\/\",\"name\":\"HARDOX HiTUF - ComTerra\",\"isPartOf\":{\"@id\":\"https:\/\/shop.comterra.eu\/#website\"},\"datePublished\":\"2022-03-30T14:02:44+00:00\",\"dateModified\":\"2022-06-07T11:52:46+00:00\",\"description\":\"\u010celi\u010dne plo\u010de HARDOX sa ekstemno visokom tvrdo\u0107om, \u010dvrsto\u0107om i \u017eilavo\u0161\u0107u. Super cijena. Proizvodnja i prodaja po mjeri.\",\"breadcrumb\":{\"@id\":\"https:\/\/shop.comterra.eu\/p\/hardox-hituf\/#breadcrumb\"},\"inLanguage\":\"en-US\",\"potentialAction\":[{\"@type\":\"ReadAction\",\"target\":[\"https:\/\/shop.comterra.eu\/p\/hardox-hituf\/\"]}]},{\"@type\":\"BreadcrumbList\",\"@id\":\"https:\/\/shop.comterra.eu\/p\/hardox-hituf\/#breadcrumb\",\"itemListElement\":[{\"@type\":\"ListItem\",\"position\":1,\"name\":\"ComTerra SHOP &#8211; Willkommen\",\"item\":\"https:\/\/shop.comterra.eu\/\"},{\"@type\":\"ListItem\",\"position\":2,\"name\":\"HARDOX HiTUF\"}]},{\"@type\":\"WebSite\",\"@id\":\"https:\/\/shop.comterra.eu\/#website\",\"url\":\"https:\/\/shop.comterra.eu\/\",\"name\":\"ComTerra\",\"description\":\"\",\"publisher\":{\"@id\":\"https:\/\/shop.comterra.eu\/#organization\"},\"potentialAction\":[{\"@type\":\"SearchAction\",\"target\":{\"@type\":\"EntryPoint\",\"urlTemplate\":\"https:\/\/shop.comterra.eu\/?s={search_term_string}\"},\"query-input\":\"required name=search_term_string\"}],\"inLanguage\":\"en-US\"},{\"@type\":\"Organization\",\"@id\":\"https:\/\/shop.comterra.eu\/#organization\",\"name\":\"ComTerra\",\"url\":\"https:\/\/shop.comterra.eu\/\",\"logo\":{\"@type\":\"ImageObject\",\"inLanguage\":\"en-US\",\"@id\":\"https:\/\/shop.comterra.eu\/#\/schema\/logo\/image\/\",\"url\":\"https:\/\/shop.comterra.eu\/wp-content\/uploads\/2019\/12\/cropped-logo.png\",\"contentUrl\":\"https:\/\/shop.comterra.eu\/wp-content\/uploads\/2019\/12\/cropped-logo.png\",\"width\":379,\"height\":89,\"caption\":\"ComTerra\"},\"image\":{\"@id\":\"https:\/\/shop.comterra.eu\/#\/schema\/logo\/image\/\"},\"sameAs\":[\"https:\/\/www.youtube.com\/channel\/UCn4vG_rMnFID5Hg_ooZKieg\",\"https:\/\/web.facebook.com\/ComTerraEU\"]}]}<\/script>\n<!-- \/ Yoast SEO plugin. -->","yoast_head_json":{"title":"HARDOX HiTUF - ComTerra","description":"\u010celi\u010dne plo\u010de HARDOX sa ekstemno visokom tvrdo\u0107om, \u010dvrsto\u0107om i \u017eilavo\u0161\u0107u. Super cijena. Proizvodnja i prodaja po mjeri.","robots":{"index":"noindex","follow":"follow","max-snippet":"max-snippet:-1","max-image-preview":"max-image-preview:large","max-video-preview":"max-video-preview:-1"},"og_locale":"en_US","og_type":"article","og_title":"HARDOX HiTUF - ComTerra","og_description":"\u010celi\u010dne plo\u010de HARDOX sa ekstemno visokom tvrdo\u0107om, \u010dvrsto\u0107om i \u017eilavo\u0161\u0107u. Super cijena. Proizvodnja i prodaja po mjeri.","og_url":"https:\/\/shop.comterra.eu\/en\/p\/hardox-hituf\/","og_site_name":"ComTerra","article_publisher":"https:\/\/web.facebook.com\/ComTerraEU","article_modified_time":"2022-06-07T11:52:46+00:00","og_image":[{"width":1440,"height":1440,"url":"https:\/\/shop.comterra.eu\/wp-content\/uploads\/2022\/03\/Hardox-600.jpg","type":"image\/jpeg"}],"twitter_card":"summary_large_image","twitter_misc":{"Est. reading time":"1 minute"},"schema":{"@context":"https:\/\/schema.org","@graph":[{"@type":"WebPage","@id":"https:\/\/shop.comterra.eu\/p\/hardox-hituf\/","url":"https:\/\/shop.comterra.eu\/p\/hardox-hituf\/","name":"HARDOX HiTUF - ComTerra","isPartOf":{"@id":"https:\/\/shop.comterra.eu\/#website"},"datePublished":"2022-03-30T14:02:44+00:00","dateModified":"2022-06-07T11:52:46+00:00","description":"\u010celi\u010dne plo\u010de HARDOX sa ekstemno visokom tvrdo\u0107om, \u010dvrsto\u0107om i \u017eilavo\u0161\u0107u. Super cijena. Proizvodnja i prodaja po mjeri.","breadcrumb":{"@id":"https:\/\/shop.comterra.eu\/p\/hardox-hituf\/#breadcrumb"},"inLanguage":"en-US","potentialAction":[{"@type":"ReadAction","target":["https:\/\/shop.comterra.eu\/p\/hardox-hituf\/"]}]},{"@type":"BreadcrumbList","@id":"https:\/\/shop.comterra.eu\/p\/hardox-hituf\/#breadcrumb","itemListElement":[{"@type":"ListItem","position":1,"name":"ComTerra SHOP &#8211; Willkommen","item":"https:\/\/shop.comterra.eu\/"},{"@type":"ListItem","position":2,"name":"HARDOX HiTUF"}]},{"@type":"WebSite","@id":"https:\/\/shop.comterra.eu\/#website","url":"https:\/\/shop.comterra.eu\/","name":"ComTerra","description":"","publisher":{"@id":"https:\/\/shop.comterra.eu\/#organization"},"potentialAction":[{"@type":"SearchAction","target":{"@type":"EntryPoint","urlTemplate":"https:\/\/shop.comterra.eu\/?s={search_term_string}"},"query-input":"required name=search_term_string"}],"inLanguage":"en-US"},{"@type":"Organization","@id":"https:\/\/shop.comterra.eu\/#organization","name":"ComTerra","url":"https:\/\/shop.comterra.eu\/","logo":{"@type":"ImageObject","inLanguage":"en-US","@id":"https:\/\/shop.comterra.eu\/#\/schema\/logo\/image\/","url":"https:\/\/shop.comterra.eu\/wp-content\/uploads\/2019\/12\/cropped-logo.png","contentUrl":"https:\/\/shop.comterra.eu\/wp-content\/uploads\/2019\/12\/cropped-logo.png","width":379,"height":89,"caption":"ComTerra"},"image":{"@id":"https:\/\/shop.comterra.eu\/#\/schema\/logo\/image\/"},"sameAs":["https:\/\/www.youtube.com\/channel\/UCn4vG_rMnFID5Hg_ooZKieg","https:\/\/web.facebook.com\/ComTerraEU"]}]}},"_links":{"self":[{"href":"https:\/\/shop.comterra.eu\/en\/wp-json\/wp\/v2\/product\/11142"}],"collection":[{"href":"https:\/\/shop.comterra.eu\/en\/wp-json\/wp\/v2\/product"}],"about":[{"href":"https:\/\/shop.comterra.eu\/en\/wp-json\/wp\/v2\/types\/product"}],"wp:featuredmedia":[{"embeddable":true,"href":"https:\/\/shop.comterra.eu\/en\/wp-json\/wp\/v2\/media\/11141"}],"wp:attachment":[{"href":"https:\/\/shop.comterra.eu\/en\/wp-json\/wp\/v2\/media?parent=11142"}],"wp:term":[{"taxonomy":"product_cat","embeddable":true,"href":"https:\/\/shop.comterra.eu\/en\/wp-json\/wp\/v2\/product_cat?post=11142"},{"taxonomy":"product_tag","embeddable":true,"href":"https:\/\/shop.comterra.eu\/en\/wp-json\/wp\/v2\/product_tag?post=11142"}],"curies":[{"name":"wp","href":"https:\/\/api.w.org\/{rel}","templated":true}]}}