{"id":11078,"date":"2022-03-30T09:29:36","date_gmt":"2022-03-30T09:29:36","guid":{"rendered":"https:\/\/shop.comterra.eu\/?post_type=product&#038;p=11078"},"modified":"2022-10-26T12:33:07","modified_gmt":"2022-10-26T12:33:07","slug":"senkschraube-1-unc-8","status":"publish","type":"product","link":"https:\/\/shop.comterra.eu\/en\/p\/senkschraube-1-unc-8\/","title":{"rendered":"Senkschraube \u2300 1&#8243; UNC-8"},"content":{"rendered":"<p>Vijci i matice za bolt-on no\u017eeve, zube, korpe i ka\u0161ike bagera i utovariva\u010da, dozera, gredera i ostalih radnih strojeva.<\/p>\n<table style=\"border-collapse: collapse; width: 144pt;\" border=\"0\" width=\"192\" cellspacing=\"0\" cellpadding=\"0\">\n<tbody>\n<tr style=\"height: 15.0pt;\">\n<td class=\"xl67\" style=\"height: 15.0pt; width: 48pt;\" width=\"64\" height=\"20\">Promjer<\/td>\n<td class=\"xl67\" style=\"width: 48pt;\" width=\"64\">Standard<\/td>\n<td class=\"xl67\" style=\"width: 48pt;\" width=\"64\">Du\u017eina<\/td>\n<\/tr>\n<tr style=\"height: 15.0pt;\">\n<td class=\"xl66\" style=\"height: 15.0pt;\" height=\"20\">\u2300 1&#8243;<\/td>\n<td>UNC-8<\/td>\n<td>2-3\/4&#8220;<\/td>\n<\/tr>\n<tr style=\"height: 15.0pt;\">\n<td class=\"xl66\" style=\"height: 15.0pt;\" height=\"20\">\u2300 1&#8243;<\/td>\n<td>UNC-8<\/td>\n<td>3&#8220;<\/td>\n<\/tr>\n<tr style=\"height: 15.0pt;\">\n<td class=\"xl66\" style=\"height: 15.0pt;\" height=\"20\">\u2300 1&#8243;<\/td>\n<td>UNC-8<\/td>\n<td>3-1\/4&#8220;<\/td>\n<\/tr>\n<tr style=\"height: 15.0pt;\">\n<td class=\"xl66\" style=\"height: 15.0pt;\" height=\"20\">\u2300 1&#8243;<\/td>\n<td>UNC-8<\/td>\n<td>3-1\/2&#8220;<\/td>\n<\/tr>\n<tr style=\"height: 15.0pt;\">\n<td class=\"xl66\" style=\"height: 15.0pt;\" height=\"20\">\u2300 1&#8243;<\/td>\n<td>UNC-8<\/td>\n<td>3-3\/4&#8220;<\/td>\n<\/tr>\n<tr style=\"height: 15.0pt;\">\n<td class=\"xl66\" style=\"height: 15.0pt;\" height=\"20\">\u2300 1&#8243;<\/td>\n<td>UNC-8<\/td>\n<td>4&#8220;<\/td>\n<\/tr>\n<tr style=\"height: 15.0pt;\">\n<td class=\"xl66\" style=\"height: 15.0pt;\" height=\"20\">\u2300 1&#8243;<\/td>\n<td>UNC-8<\/td>\n<td>4-1\/2&#8220;<\/td>\n<\/tr>\n<tr style=\"height: 15.0pt;\">\n<td class=\"xl66\" style=\"height: 15.0pt;\" height=\"20\">\u2300 1&#8243;<\/td>\n<td>UNC-8<\/td>\n<td>5&#8220;<\/td>\n<\/tr>\n<tr style=\"height: 15.0pt;\">\n<td class=\"xl66\" style=\"height: 15.0pt;\" height=\"20\">\u2300 1&#8243;<\/td>\n<td>UNC-8<\/td>\n<td>5-1\/4&#8220;<\/td>\n<\/tr>\n<tr style=\"height: 15.0pt;\">\n<td class=\"xl66\" style=\"height: 15.0pt;\" height=\"20\">\u2300 1&#8243;<\/td>\n<td>UNC-8<\/td>\n<td>5-1\/2&#8220;<\/td>\n<\/tr>\n<tr style=\"height: 15.0pt;\">\n<td class=\"xl66\" style=\"height: 15.0pt;\" height=\"20\">\u2300 1&#8243;<\/td>\n<td>UNC-8<\/td>\n<td>6-1\/2&#8220;<\/td>\n<\/tr>\n<\/tbody>\n<\/table>","protected":false},"excerpt":{"rendered":"<p>Vijci i matice za bolt-on no\u017eeve, zube, korpe i ka\u0161ike bagera i utovariva\u010da, dozera, gredera i ostalih radnih strojeva. Promjer Standard Du\u017eina \u2300 1&#8243; UNC-8 2-3\/4&#8220; \u2300 1&#8243; UNC-8 3&#8220; \u2300 1&#8243; UNC-8 3-1\/4&#8220; \u2300 1&#8243; UNC-8 3-1\/2&#8220; \u2300 1&#8243; UNC-8 3-3\/4&#8220; \u2300 1&#8243; UNC-8 4&#8220; \u2300 1&#8243; UNC-8 4-1\/2&#8220; \u2300 1&#8243; UNC-8 5&#8220; \u2300 [&hellip;]<\/p>","protected":false},"featured_media":11127,"template":"","meta":[],"product_cat":[900],"product_tag":[],"yoast_head":"<!-- This site is optimized with the Yoast SEO plugin v20.0 - https:\/\/yoast.com\/wordpress\/plugins\/seo\/ -->\n<title>Senkschraube \u2300 1&quot; UNC-8 - ComTerra<\/title>\n<meta name=\"description\" content=\"Vijci i matice razli\u010ditih du\u017eina za bolt-on no\u017eeve, zube, korpe i ka\u0161ike bagera i utovariva\u010da, dozera, gredera i ostalih radnih strojeva.\" \/>\n<meta name=\"robots\" content=\"noindex, follow, max-snippet:-1, max-image-preview:large, max-video-preview:-1\" \/>\n<meta property=\"og:locale\" content=\"en_US\" \/>\n<meta property=\"og:type\" content=\"article\" \/>\n<meta property=\"og:title\" content=\"Senkschraube \u2300 1&quot; UNC-8 - ComTerra\" \/>\n<meta property=\"og:description\" content=\"Vijci i matice razli\u010ditih du\u017eina za bolt-on no\u017eeve, zube, korpe i ka\u0161ike bagera i utovariva\u010da, dozera, gredera i ostalih radnih strojeva.\" \/>\n<meta property=\"og:url\" content=\"https:\/\/shop.comterra.eu\/en\/p\/senkschraube-1-unc-8\/\" \/>\n<meta property=\"og:site_name\" content=\"ComTerra\" \/>\n<meta property=\"article:publisher\" content=\"https:\/\/web.facebook.com\/ComTerraEU\" \/>\n<meta property=\"article:modified_time\" content=\"2022-10-26T12:33:07+00:00\" \/>\n<meta property=\"og:image\" content=\"https:\/\/shop.comterra.eu\/wp-content\/uploads\/2022\/03\/serafi.png\" \/>\n\t<meta property=\"og:image:width\" content=\"1536\" \/>\n\t<meta property=\"og:image:height\" content=\"1152\" \/>\n\t<meta property=\"og:image:type\" content=\"image\/png\" \/>\n<meta name=\"twitter:card\" content=\"summary_large_image\" \/>\n<meta name=\"twitter:label1\" content=\"Est. reading time\" \/>\n\t<meta name=\"twitter:data1\" content=\"1 minute\" \/>\n<script type=\"application\/ld+json\" class=\"yoast-schema-graph\">{\"@context\":\"https:\/\/schema.org\",\"@graph\":[{\"@type\":\"WebPage\",\"@id\":\"https:\/\/shop.comterra.eu\/p\/senkschraube-1-unc-8\/\",\"url\":\"https:\/\/shop.comterra.eu\/p\/senkschraube-1-unc-8\/\",\"name\":\"Senkschraube \u2300 1\\\" UNC-8 - ComTerra\",\"isPartOf\":{\"@id\":\"https:\/\/shop.comterra.eu\/#website\"},\"datePublished\":\"2022-03-30T09:29:36+00:00\",\"dateModified\":\"2022-10-26T12:33:07+00:00\",\"description\":\"Vijci i matice razli\u010ditih du\u017eina za bolt-on no\u017eeve, zube, korpe i ka\u0161ike bagera i utovariva\u010da, dozera, gredera i ostalih radnih strojeva.\",\"breadcrumb\":{\"@id\":\"https:\/\/shop.comterra.eu\/p\/senkschraube-1-unc-8\/#breadcrumb\"},\"inLanguage\":\"en-US\",\"potentialAction\":[{\"@type\":\"ReadAction\",\"target\":[\"https:\/\/shop.comterra.eu\/p\/senkschraube-1-unc-8\/\"]}]},{\"@type\":\"BreadcrumbList\",\"@id\":\"https:\/\/shop.comterra.eu\/p\/senkschraube-1-unc-8\/#breadcrumb\",\"itemListElement\":[{\"@type\":\"ListItem\",\"position\":1,\"name\":\"ComTerra SHOP &#8211; Willkommen\",\"item\":\"https:\/\/shop.comterra.eu\/\"},{\"@type\":\"ListItem\",\"position\":2,\"name\":\"Senkschraube \u2300 1&#8243; UNC-8\"}]},{\"@type\":\"WebSite\",\"@id\":\"https:\/\/shop.comterra.eu\/#website\",\"url\":\"https:\/\/shop.comterra.eu\/\",\"name\":\"ComTerra\",\"description\":\"\",\"publisher\":{\"@id\":\"https:\/\/shop.comterra.eu\/#organization\"},\"potentialAction\":[{\"@type\":\"SearchAction\",\"target\":{\"@type\":\"EntryPoint\",\"urlTemplate\":\"https:\/\/shop.comterra.eu\/?s={search_term_string}\"},\"query-input\":\"required name=search_term_string\"}],\"inLanguage\":\"en-US\"},{\"@type\":\"Organization\",\"@id\":\"https:\/\/shop.comterra.eu\/#organization\",\"name\":\"ComTerra\",\"url\":\"https:\/\/shop.comterra.eu\/\",\"logo\":{\"@type\":\"ImageObject\",\"inLanguage\":\"en-US\",\"@id\":\"https:\/\/shop.comterra.eu\/#\/schema\/logo\/image\/\",\"url\":\"https:\/\/shop.comterra.eu\/wp-content\/uploads\/2019\/12\/cropped-logo.png\",\"contentUrl\":\"https:\/\/shop.comterra.eu\/wp-content\/uploads\/2019\/12\/cropped-logo.png\",\"width\":379,\"height\":89,\"caption\":\"ComTerra\"},\"image\":{\"@id\":\"https:\/\/shop.comterra.eu\/#\/schema\/logo\/image\/\"},\"sameAs\":[\"https:\/\/www.youtube.com\/channel\/UCn4vG_rMnFID5Hg_ooZKieg\",\"https:\/\/web.facebook.com\/ComTerraEU\"]}]}<\/script>\n<!-- \/ Yoast SEO plugin. -->","yoast_head_json":{"title":"Senkschraube \u2300 1\" UNC-8 - ComTerra","description":"Vijci i matice razli\u010ditih du\u017eina za bolt-on no\u017eeve, zube, korpe i ka\u0161ike bagera i utovariva\u010da, dozera, gredera i ostalih radnih strojeva.","robots":{"index":"noindex","follow":"follow","max-snippet":"max-snippet:-1","max-image-preview":"max-image-preview:large","max-video-preview":"max-video-preview:-1"},"og_locale":"en_US","og_type":"article","og_title":"Senkschraube \u2300 1\" UNC-8 - ComTerra","og_description":"Vijci i matice razli\u010ditih du\u017eina za bolt-on no\u017eeve, zube, korpe i ka\u0161ike bagera i utovariva\u010da, dozera, gredera i ostalih radnih strojeva.","og_url":"https:\/\/shop.comterra.eu\/en\/p\/senkschraube-1-unc-8\/","og_site_name":"ComTerra","article_publisher":"https:\/\/web.facebook.com\/ComTerraEU","article_modified_time":"2022-10-26T12:33:07+00:00","og_image":[{"width":1536,"height":1152,"url":"https:\/\/shop.comterra.eu\/wp-content\/uploads\/2022\/03\/serafi.png","type":"image\/png"}],"twitter_card":"summary_large_image","twitter_misc":{"Est. reading time":"1 minute"},"schema":{"@context":"https:\/\/schema.org","@graph":[{"@type":"WebPage","@id":"https:\/\/shop.comterra.eu\/p\/senkschraube-1-unc-8\/","url":"https:\/\/shop.comterra.eu\/p\/senkschraube-1-unc-8\/","name":"Senkschraube \u2300 1\" UNC-8 - ComTerra","isPartOf":{"@id":"https:\/\/shop.comterra.eu\/#website"},"datePublished":"2022-03-30T09:29:36+00:00","dateModified":"2022-10-26T12:33:07+00:00","description":"Vijci i matice razli\u010ditih du\u017eina za bolt-on no\u017eeve, zube, korpe i ka\u0161ike bagera i utovariva\u010da, dozera, gredera i ostalih radnih strojeva.","breadcrumb":{"@id":"https:\/\/shop.comterra.eu\/p\/senkschraube-1-unc-8\/#breadcrumb"},"inLanguage":"en-US","potentialAction":[{"@type":"ReadAction","target":["https:\/\/shop.comterra.eu\/p\/senkschraube-1-unc-8\/"]}]},{"@type":"BreadcrumbList","@id":"https:\/\/shop.comterra.eu\/p\/senkschraube-1-unc-8\/#breadcrumb","itemListElement":[{"@type":"ListItem","position":1,"name":"ComTerra SHOP &#8211; Willkommen","item":"https:\/\/shop.comterra.eu\/"},{"@type":"ListItem","position":2,"name":"Senkschraube \u2300 1&#8243; UNC-8"}]},{"@type":"WebSite","@id":"https:\/\/shop.comterra.eu\/#website","url":"https:\/\/shop.comterra.eu\/","name":"ComTerra","description":"","publisher":{"@id":"https:\/\/shop.comterra.eu\/#organization"},"potentialAction":[{"@type":"SearchAction","target":{"@type":"EntryPoint","urlTemplate":"https:\/\/shop.comterra.eu\/?s={search_term_string}"},"query-input":"required name=search_term_string"}],"inLanguage":"en-US"},{"@type":"Organization","@id":"https:\/\/shop.comterra.eu\/#organization","name":"ComTerra","url":"https:\/\/shop.comterra.eu\/","logo":{"@type":"ImageObject","inLanguage":"en-US","@id":"https:\/\/shop.comterra.eu\/#\/schema\/logo\/image\/","url":"https:\/\/shop.comterra.eu\/wp-content\/uploads\/2019\/12\/cropped-logo.png","contentUrl":"https:\/\/shop.comterra.eu\/wp-content\/uploads\/2019\/12\/cropped-logo.png","width":379,"height":89,"caption":"ComTerra"},"image":{"@id":"https:\/\/shop.comterra.eu\/#\/schema\/logo\/image\/"},"sameAs":["https:\/\/www.youtube.com\/channel\/UCn4vG_rMnFID5Hg_ooZKieg","https:\/\/web.facebook.com\/ComTerraEU"]}]}},"_links":{"self":[{"href":"https:\/\/shop.comterra.eu\/en\/wp-json\/wp\/v2\/product\/11078"}],"collection":[{"href":"https:\/\/shop.comterra.eu\/en\/wp-json\/wp\/v2\/product"}],"about":[{"href":"https:\/\/shop.comterra.eu\/en\/wp-json\/wp\/v2\/types\/product"}],"wp:featuredmedia":[{"embeddable":true,"href":"https:\/\/shop.comterra.eu\/en\/wp-json\/wp\/v2\/media\/11127"}],"wp:attachment":[{"href":"https:\/\/shop.comterra.eu\/en\/wp-json\/wp\/v2\/media?parent=11078"}],"wp:term":[{"taxonomy":"product_cat","embeddable":true,"href":"https:\/\/shop.comterra.eu\/en\/wp-json\/wp\/v2\/product_cat?post=11078"},{"taxonomy":"product_tag","embeddable":true,"href":"https:\/\/shop.comterra.eu\/en\/wp-json\/wp\/v2\/product_tag?post=11078"}],"curies":[{"name":"wp","href":"https:\/\/api.w.org\/{rel}","templated":true}]}}