{"id":10843,"date":"2022-03-21T09:20:22","date_gmt":"2022-03-21T09:20:22","guid":{"rendered":"https:\/\/shop.comterra.eu\/?post_type=product&#038;p=10843"},"modified":"2022-10-26T13:55:20","modified_gmt":"2022-10-26T13:55:20","slug":"universalhaken-fuer-hebebaender-gueteklasse-8","status":"publish","type":"product","link":"https:\/\/shop.comterra.eu\/en\/p\/universalhaken-fuer-hebebaender-gueteklasse-8\/","title":{"rendered":"Universalhaken f\u00fcr Hebeb\u00e4nder G\u00fcteklasse 8"},"content":{"rendered":"<p>Kvalitetne i nove kuke za beskona\u010dne trakaste priveznice\/gurtne. Kuka je za brzu monta\u017eu na beskona\u010dnu gurtnu ili priveznicu.<\/p>\n<ul>\n<li>Izra\u0111ene kovanjem i kaljenjem<\/li>\n<li>Sadr\u017ee sigurnosni mehanizam<\/li>\n<li>Brza i jednostavna monta\u017ea na priveznicu, beshona\u010dne gurtne, trake i ostalo<\/li>\n<li>Za\u0161titni profil za prihvat gurtne, trake ili priveznice<\/li>\n<li>Kvalitetan proizvod u EU<\/li>\n<\/ul>\n<p>&nbsp;<\/p>\n<table>\n<tbody>\n<tr>\n<td width=\"107\"><strong>Veli\u010dine\/Boje<\/strong><\/td>\n<td width=\"107\"><strong>WLL (t)<br \/>\n<\/strong><\/td>\n<\/tr>\n<tr>\n<td width=\"107\"><strong>Ljubi\u010dasta<\/strong><\/td>\n<td width=\"107\">1<\/td>\n<\/tr>\n<tr>\n<td width=\"107\"><strong>Zelena<\/strong><\/td>\n<td width=\"107\">2<\/td>\n<\/tr>\n<tr>\n<td width=\"107\"><strong>\u017duta<\/strong><\/td>\n<td width=\"107\">3<\/td>\n<\/tr>\n<tr>\n<td width=\"107\"><strong>Siva<\/strong><\/td>\n<td width=\"107\">4<\/td>\n<\/tr>\n<tr>\n<td width=\"107\"><strong>Crvena<\/strong><\/td>\n<td width=\"107\">5<\/td>\n<\/tr>\n<tr>\n<td width=\"107\"><strong>Sme\u0111a<\/strong><\/td>\n<td width=\"107\">6<\/td>\n<\/tr>\n<\/tbody>\n<\/table>","protected":false},"excerpt":{"rendered":"<p>Webbing Hook<\/p>","protected":false},"featured_media":10850,"template":"","meta":[],"product_cat":[70,23],"product_tag":[],"yoast_head":"<!-- This site is optimized with the Yoast SEO plugin v20.0 - https:\/\/yoast.com\/wordpress\/plugins\/seo\/ -->\n<title>Universalhaken f\u00fcr Hebeb\u00e4nder G\u00fcteklasse 8 - ComTerra<\/title>\n<meta name=\"description\" content=\"Kvalitetna oprema za dizanje i vezanje tereta. Gurtne, trake i lanci razli\u010ditih du\u017eina za osiguranje tereta. Dostava na Va\u0161u adresu!\" \/>\n<meta name=\"robots\" content=\"noindex, follow, max-snippet:-1, max-image-preview:large, max-video-preview:-1\" \/>\n<meta property=\"og:locale\" content=\"en_US\" \/>\n<meta property=\"og:type\" content=\"article\" \/>\n<meta property=\"og:title\" content=\"Universalhaken f\u00fcr Hebeb\u00e4nder G\u00fcteklasse 8 - ComTerra\" \/>\n<meta property=\"og:description\" content=\"Kvalitetna oprema za dizanje i vezanje tereta. Gurtne, trake i lanci razli\u010ditih du\u017eina za osiguranje tereta. Dostava na Va\u0161u adresu!\" \/>\n<meta property=\"og:url\" content=\"https:\/\/shop.comterra.eu\/en\/p\/universalhaken-fuer-hebebaender-gueteklasse-8\/\" \/>\n<meta property=\"og:site_name\" content=\"ComTerra\" \/>\n<meta property=\"article:publisher\" content=\"https:\/\/web.facebook.com\/ComTerraEU\" \/>\n<meta property=\"article:modified_time\" content=\"2022-10-26T13:55:20+00:00\" \/>\n<meta property=\"og:image\" content=\"https:\/\/shop.comterra.eu\/wp-content\/uploads\/2022\/03\/Kuka-za-beskonacne-gurtne.jpg\" \/>\n\t<meta property=\"og:image:width\" content=\"1024\" \/>\n\t<meta property=\"og:image:height\" content=\"768\" \/>\n\t<meta property=\"og:image:type\" content=\"image\/jpeg\" \/>\n<meta name=\"twitter:card\" content=\"summary_large_image\" \/>\n<meta name=\"twitter:label1\" content=\"Est. reading time\" \/>\n\t<meta name=\"twitter:data1\" content=\"1 minute\" \/>\n<script type=\"application\/ld+json\" class=\"yoast-schema-graph\">{\"@context\":\"https:\/\/schema.org\",\"@graph\":[{\"@type\":\"WebPage\",\"@id\":\"https:\/\/shop.comterra.eu\/p\/universalhaken-fuer-hebebaender-gueteklasse-8\/\",\"url\":\"https:\/\/shop.comterra.eu\/p\/universalhaken-fuer-hebebaender-gueteklasse-8\/\",\"name\":\"Universalhaken f\u00fcr Hebeb\u00e4nder G\u00fcteklasse 8 - ComTerra\",\"isPartOf\":{\"@id\":\"https:\/\/shop.comterra.eu\/#website\"},\"datePublished\":\"2022-03-21T09:20:22+00:00\",\"dateModified\":\"2022-10-26T13:55:20+00:00\",\"description\":\"Kvalitetna oprema za dizanje i vezanje tereta. Gurtne, trake i lanci razli\u010ditih du\u017eina za osiguranje tereta. Dostava na Va\u0161u adresu!\",\"breadcrumb\":{\"@id\":\"https:\/\/shop.comterra.eu\/p\/universalhaken-fuer-hebebaender-gueteklasse-8\/#breadcrumb\"},\"inLanguage\":\"en-US\",\"potentialAction\":[{\"@type\":\"ReadAction\",\"target\":[\"https:\/\/shop.comterra.eu\/p\/universalhaken-fuer-hebebaender-gueteklasse-8\/\"]}]},{\"@type\":\"BreadcrumbList\",\"@id\":\"https:\/\/shop.comterra.eu\/p\/universalhaken-fuer-hebebaender-gueteklasse-8\/#breadcrumb\",\"itemListElement\":[{\"@type\":\"ListItem\",\"position\":1,\"name\":\"ComTerra SHOP &#8211; Willkommen\",\"item\":\"https:\/\/shop.comterra.eu\/\"},{\"@type\":\"ListItem\",\"position\":2,\"name\":\"Universalhaken f\u00fcr Hebeb\u00e4nder G\u00fcteklasse 8\"}]},{\"@type\":\"WebSite\",\"@id\":\"https:\/\/shop.comterra.eu\/#website\",\"url\":\"https:\/\/shop.comterra.eu\/\",\"name\":\"ComTerra\",\"description\":\"\",\"publisher\":{\"@id\":\"https:\/\/shop.comterra.eu\/#organization\"},\"potentialAction\":[{\"@type\":\"SearchAction\",\"target\":{\"@type\":\"EntryPoint\",\"urlTemplate\":\"https:\/\/shop.comterra.eu\/?s={search_term_string}\"},\"query-input\":\"required name=search_term_string\"}],\"inLanguage\":\"en-US\"},{\"@type\":\"Organization\",\"@id\":\"https:\/\/shop.comterra.eu\/#organization\",\"name\":\"ComTerra\",\"url\":\"https:\/\/shop.comterra.eu\/\",\"logo\":{\"@type\":\"ImageObject\",\"inLanguage\":\"en-US\",\"@id\":\"https:\/\/shop.comterra.eu\/#\/schema\/logo\/image\/\",\"url\":\"https:\/\/shop.comterra.eu\/wp-content\/uploads\/2019\/12\/cropped-logo.png\",\"contentUrl\":\"https:\/\/shop.comterra.eu\/wp-content\/uploads\/2019\/12\/cropped-logo.png\",\"width\":379,\"height\":89,\"caption\":\"ComTerra\"},\"image\":{\"@id\":\"https:\/\/shop.comterra.eu\/#\/schema\/logo\/image\/\"},\"sameAs\":[\"https:\/\/www.youtube.com\/channel\/UCn4vG_rMnFID5Hg_ooZKieg\",\"https:\/\/web.facebook.com\/ComTerraEU\"]}]}<\/script>\n<!-- \/ Yoast SEO plugin. -->","yoast_head_json":{"title":"Universalhaken f\u00fcr Hebeb\u00e4nder G\u00fcteklasse 8 - ComTerra","description":"Kvalitetna oprema za dizanje i vezanje tereta. Gurtne, trake i lanci razli\u010ditih du\u017eina za osiguranje tereta. Dostava na Va\u0161u adresu!","robots":{"index":"noindex","follow":"follow","max-snippet":"max-snippet:-1","max-image-preview":"max-image-preview:large","max-video-preview":"max-video-preview:-1"},"og_locale":"en_US","og_type":"article","og_title":"Universalhaken f\u00fcr Hebeb\u00e4nder G\u00fcteklasse 8 - ComTerra","og_description":"Kvalitetna oprema za dizanje i vezanje tereta. Gurtne, trake i lanci razli\u010ditih du\u017eina za osiguranje tereta. Dostava na Va\u0161u adresu!","og_url":"https:\/\/shop.comterra.eu\/en\/p\/universalhaken-fuer-hebebaender-gueteklasse-8\/","og_site_name":"ComTerra","article_publisher":"https:\/\/web.facebook.com\/ComTerraEU","article_modified_time":"2022-10-26T13:55:20+00:00","og_image":[{"width":1024,"height":768,"url":"https:\/\/shop.comterra.eu\/wp-content\/uploads\/2022\/03\/Kuka-za-beskonacne-gurtne.jpg","type":"image\/jpeg"}],"twitter_card":"summary_large_image","twitter_misc":{"Est. reading time":"1 minute"},"schema":{"@context":"https:\/\/schema.org","@graph":[{"@type":"WebPage","@id":"https:\/\/shop.comterra.eu\/p\/universalhaken-fuer-hebebaender-gueteklasse-8\/","url":"https:\/\/shop.comterra.eu\/p\/universalhaken-fuer-hebebaender-gueteklasse-8\/","name":"Universalhaken f\u00fcr Hebeb\u00e4nder G\u00fcteklasse 8 - ComTerra","isPartOf":{"@id":"https:\/\/shop.comterra.eu\/#website"},"datePublished":"2022-03-21T09:20:22+00:00","dateModified":"2022-10-26T13:55:20+00:00","description":"Kvalitetna oprema za dizanje i vezanje tereta. Gurtne, trake i lanci razli\u010ditih du\u017eina za osiguranje tereta. Dostava na Va\u0161u adresu!","breadcrumb":{"@id":"https:\/\/shop.comterra.eu\/p\/universalhaken-fuer-hebebaender-gueteklasse-8\/#breadcrumb"},"inLanguage":"en-US","potentialAction":[{"@type":"ReadAction","target":["https:\/\/shop.comterra.eu\/p\/universalhaken-fuer-hebebaender-gueteklasse-8\/"]}]},{"@type":"BreadcrumbList","@id":"https:\/\/shop.comterra.eu\/p\/universalhaken-fuer-hebebaender-gueteklasse-8\/#breadcrumb","itemListElement":[{"@type":"ListItem","position":1,"name":"ComTerra SHOP &#8211; Willkommen","item":"https:\/\/shop.comterra.eu\/"},{"@type":"ListItem","position":2,"name":"Universalhaken f\u00fcr Hebeb\u00e4nder G\u00fcteklasse 8"}]},{"@type":"WebSite","@id":"https:\/\/shop.comterra.eu\/#website","url":"https:\/\/shop.comterra.eu\/","name":"ComTerra","description":"","publisher":{"@id":"https:\/\/shop.comterra.eu\/#organization"},"potentialAction":[{"@type":"SearchAction","target":{"@type":"EntryPoint","urlTemplate":"https:\/\/shop.comterra.eu\/?s={search_term_string}"},"query-input":"required name=search_term_string"}],"inLanguage":"en-US"},{"@type":"Organization","@id":"https:\/\/shop.comterra.eu\/#organization","name":"ComTerra","url":"https:\/\/shop.comterra.eu\/","logo":{"@type":"ImageObject","inLanguage":"en-US","@id":"https:\/\/shop.comterra.eu\/#\/schema\/logo\/image\/","url":"https:\/\/shop.comterra.eu\/wp-content\/uploads\/2019\/12\/cropped-logo.png","contentUrl":"https:\/\/shop.comterra.eu\/wp-content\/uploads\/2019\/12\/cropped-logo.png","width":379,"height":89,"caption":"ComTerra"},"image":{"@id":"https:\/\/shop.comterra.eu\/#\/schema\/logo\/image\/"},"sameAs":["https:\/\/www.youtube.com\/channel\/UCn4vG_rMnFID5Hg_ooZKieg","https:\/\/web.facebook.com\/ComTerraEU"]}]}},"_links":{"self":[{"href":"https:\/\/shop.comterra.eu\/en\/wp-json\/wp\/v2\/product\/10843"}],"collection":[{"href":"https:\/\/shop.comterra.eu\/en\/wp-json\/wp\/v2\/product"}],"about":[{"href":"https:\/\/shop.comterra.eu\/en\/wp-json\/wp\/v2\/types\/product"}],"wp:featuredmedia":[{"embeddable":true,"href":"https:\/\/shop.comterra.eu\/en\/wp-json\/wp\/v2\/media\/10850"}],"wp:attachment":[{"href":"https:\/\/shop.comterra.eu\/en\/wp-json\/wp\/v2\/media?parent=10843"}],"wp:term":[{"taxonomy":"product_cat","embeddable":true,"href":"https:\/\/shop.comterra.eu\/en\/wp-json\/wp\/v2\/product_cat?post=10843"},{"taxonomy":"product_tag","embeddable":true,"href":"https:\/\/shop.comterra.eu\/en\/wp-json\/wp\/v2\/product_tag?post=10843"}],"curies":[{"name":"wp","href":"https:\/\/api.w.org\/{rel}","templated":true}]}}