{"id":10729,"date":"2022-03-17T10:21:41","date_gmt":"2022-03-17T10:21:41","guid":{"rendered":"https:\/\/shop.comterra.eu\/?post_type=product&#038;p=10729"},"modified":"2022-10-27T07:00:07","modified_gmt":"2022-10-27T07:00:07","slug":"pressklemmen","status":"publish","type":"product","link":"https:\/\/shop.comterra.eu\/en\/p\/pressklemmen\/","title":{"rendered":"Pressklemmen"},"content":{"rendered":"<p>Prema standardu: DIN EN 13411-3<\/p>\n<p>Cilindri\u010dni<br \/>\n<strong>Materijal:<\/strong> Aluminij<\/p>\n<p>*Posebne dimenzije koje nisu po DIN standardu<\/p>\n<table>\n<tbody>\n<tr>\n<td width=\"107\"><strong>Br. Artikla<\/strong><\/td>\n<td width=\"107\"><strong>Metalni prsten<\/strong><\/td>\n<td width=\"107\"><strong>Promjer prstena (mm)<br \/>\n<\/strong><\/td>\n<\/tr>\n<tr>\n<td width=\"107\">23000100*<\/td>\n<td width=\"107\">1,0<\/td>\n<td width=\"107\">1 x\u00a02,4<\/td>\n<\/tr>\n<tr>\n<td width=\"107\">23000150*<\/td>\n<td width=\"107\">1,5<\/td>\n<td width=\"107\">2 x 3,4<\/td>\n<\/tr>\n<tr>\n<td width=\"107\">23000200*<\/td>\n<td width=\"107\">2,2<\/td>\n<td width=\"107\">2\u00a0x 4,4<\/td>\n<\/tr>\n<tr>\n<td width=\"107\">23000250<\/td>\n<td width=\"107\">2,5<\/td>\n<td width=\"107\">3\u00a0x 5,4<\/td>\n<\/tr>\n<tr>\n<td width=\"107\">23000300<\/td>\n<td width=\"107\">3,0<\/td>\n<td width=\"107\">3\u00a0x 6,6<\/td>\n<\/tr>\n<tr>\n<td width=\"107\">23000400<\/td>\n<td width=\"107\">4,0<\/td>\n<td width=\"107\">4\u00a0x 8,8<\/td>\n<\/tr>\n<tr>\n<td width=\"107\">23000500<\/td>\n<td width=\"107\">5,0<\/td>\n<td width=\"107\">6 x 11,0<\/td>\n<\/tr>\n<tr>\n<td width=\"107\">23000600<\/td>\n<td width=\"107\">6,0<\/td>\n<td width=\"107\">7\u00a0x 13,2<\/td>\n<\/tr>\n<tr>\n<td width=\"107\">23000800<\/td>\n<td width=\"107\">8,0<\/td>\n<td width=\"107\">9 x 17,6<\/td>\n<\/tr>\n<tr>\n<td width=\"107\">23001000*<\/td>\n<td width=\"107\">10,0<\/td>\n<td width=\"107\">11\u00a0x 21,8<\/td>\n<\/tr>\n<tr>\n<td width=\"107\">23001100*<\/td>\n<td width=\"107\">11,0<\/td>\n<td width=\"107\">12\u00a0x 24,2<\/td>\n<\/tr>\n<tr>\n<td width=\"107\">23001200*<\/td>\n<td width=\"107\">12,0<\/td>\n<td width=\"107\">13\u00a0x 26,4<\/td>\n<\/tr>\n<tr>\n<td width=\"107\">23001300*<\/td>\n<td width=\"107\">13,0<\/td>\n<td width=\"107\">14\u00a0x 28,4<\/td>\n<\/tr>\n<tr>\n<td width=\"107\">23001400*<\/td>\n<td width=\"107\">14,0<\/td>\n<td width=\"107\">15\u00a0x 30,6<\/td>\n<\/tr>\n<tr>\n<td width=\"107\">23001600*<\/td>\n<td width=\"107\">16,0<\/td>\n<td width=\"107\">18\u00a0x 35,0<\/td>\n<\/tr>\n<\/tbody>\n<\/table>","protected":false},"excerpt":{"rendered":"<p>Press Clips<\/p>","protected":false},"featured_media":10736,"template":"","meta":[],"product_cat":[895,23],"product_tag":[],"yoast_head":"<!-- This site is optimized with the Yoast SEO plugin v20.0 - https:\/\/yoast.com\/wordpress\/plugins\/seo\/ -->\n<title>Pressklemmen - ComTerra<\/title>\n<meta name=\"description\" content=\"Kvalitetni i izdr\u017eljivi \u0161umarski lanci, kuke, kliza\u010di i ostala oprema za izvla\u010denje, vu\u010du i ostale zahvate u \u0161umarstvu. Sigurna dostava.\" \/>\n<meta name=\"robots\" content=\"noindex, follow, max-snippet:-1, max-image-preview:large, max-video-preview:-1\" \/>\n<meta property=\"og:locale\" content=\"en_US\" \/>\n<meta property=\"og:type\" content=\"article\" \/>\n<meta property=\"og:title\" content=\"Pressklemmen - ComTerra\" \/>\n<meta property=\"og:description\" content=\"Kvalitetni i izdr\u017eljivi \u0161umarski lanci, kuke, kliza\u010di i ostala oprema za izvla\u010denje, vu\u010du i ostale zahvate u \u0161umarstvu. Sigurna dostava.\" \/>\n<meta property=\"og:url\" content=\"https:\/\/shop.comterra.eu\/en\/p\/pressklemmen\/\" \/>\n<meta property=\"og:site_name\" content=\"ComTerra\" \/>\n<meta property=\"article:publisher\" content=\"https:\/\/web.facebook.com\/ComTerraEU\" \/>\n<meta property=\"article:modified_time\" content=\"2022-10-27T07:00:07+00:00\" \/>\n<meta property=\"og:image\" content=\"https:\/\/shop.comterra.eu\/wp-content\/uploads\/2022\/03\/Zastite-za-lanac.jpg\" \/>\n\t<meta property=\"og:image:width\" content=\"1024\" \/>\n\t<meta property=\"og:image:height\" content=\"768\" \/>\n\t<meta property=\"og:image:type\" content=\"image\/jpeg\" \/>\n<meta name=\"twitter:card\" content=\"summary_large_image\" \/>\n<meta name=\"twitter:label1\" content=\"Est. reading time\" \/>\n\t<meta name=\"twitter:data1\" content=\"1 minute\" \/>\n<script type=\"application\/ld+json\" class=\"yoast-schema-graph\">{\"@context\":\"https:\/\/schema.org\",\"@graph\":[{\"@type\":\"WebPage\",\"@id\":\"https:\/\/shop.comterra.eu\/p\/pressklemmen\/\",\"url\":\"https:\/\/shop.comterra.eu\/p\/pressklemmen\/\",\"name\":\"Pressklemmen - ComTerra\",\"isPartOf\":{\"@id\":\"https:\/\/shop.comterra.eu\/#website\"},\"datePublished\":\"2022-03-17T10:21:41+00:00\",\"dateModified\":\"2022-10-27T07:00:07+00:00\",\"description\":\"Kvalitetni i izdr\u017eljivi \u0161umarski lanci, kuke, kliza\u010di i ostala oprema za izvla\u010denje, vu\u010du i ostale zahvate u \u0161umarstvu. Sigurna dostava.\",\"breadcrumb\":{\"@id\":\"https:\/\/shop.comterra.eu\/p\/pressklemmen\/#breadcrumb\"},\"inLanguage\":\"en-US\",\"potentialAction\":[{\"@type\":\"ReadAction\",\"target\":[\"https:\/\/shop.comterra.eu\/p\/pressklemmen\/\"]}]},{\"@type\":\"BreadcrumbList\",\"@id\":\"https:\/\/shop.comterra.eu\/p\/pressklemmen\/#breadcrumb\",\"itemListElement\":[{\"@type\":\"ListItem\",\"position\":1,\"name\":\"ComTerra SHOP &#8211; Willkommen\",\"item\":\"https:\/\/shop.comterra.eu\/\"},{\"@type\":\"ListItem\",\"position\":2,\"name\":\"Pressklemmen\"}]},{\"@type\":\"WebSite\",\"@id\":\"https:\/\/shop.comterra.eu\/#website\",\"url\":\"https:\/\/shop.comterra.eu\/\",\"name\":\"ComTerra\",\"description\":\"\",\"publisher\":{\"@id\":\"https:\/\/shop.comterra.eu\/#organization\"},\"potentialAction\":[{\"@type\":\"SearchAction\",\"target\":{\"@type\":\"EntryPoint\",\"urlTemplate\":\"https:\/\/shop.comterra.eu\/?s={search_term_string}\"},\"query-input\":\"required name=search_term_string\"}],\"inLanguage\":\"en-US\"},{\"@type\":\"Organization\",\"@id\":\"https:\/\/shop.comterra.eu\/#organization\",\"name\":\"ComTerra\",\"url\":\"https:\/\/shop.comterra.eu\/\",\"logo\":{\"@type\":\"ImageObject\",\"inLanguage\":\"en-US\",\"@id\":\"https:\/\/shop.comterra.eu\/#\/schema\/logo\/image\/\",\"url\":\"https:\/\/shop.comterra.eu\/wp-content\/uploads\/2019\/12\/cropped-logo.png\",\"contentUrl\":\"https:\/\/shop.comterra.eu\/wp-content\/uploads\/2019\/12\/cropped-logo.png\",\"width\":379,\"height\":89,\"caption\":\"ComTerra\"},\"image\":{\"@id\":\"https:\/\/shop.comterra.eu\/#\/schema\/logo\/image\/\"},\"sameAs\":[\"https:\/\/www.youtube.com\/channel\/UCn4vG_rMnFID5Hg_ooZKieg\",\"https:\/\/web.facebook.com\/ComTerraEU\"]}]}<\/script>\n<!-- \/ Yoast SEO plugin. -->","yoast_head_json":{"title":"Pressklemmen - ComTerra","description":"Kvalitetni i izdr\u017eljivi \u0161umarski lanci, kuke, kliza\u010di i ostala oprema za izvla\u010denje, vu\u010du i ostale zahvate u \u0161umarstvu. Sigurna dostava.","robots":{"index":"noindex","follow":"follow","max-snippet":"max-snippet:-1","max-image-preview":"max-image-preview:large","max-video-preview":"max-video-preview:-1"},"og_locale":"en_US","og_type":"article","og_title":"Pressklemmen - ComTerra","og_description":"Kvalitetni i izdr\u017eljivi \u0161umarski lanci, kuke, kliza\u010di i ostala oprema za izvla\u010denje, vu\u010du i ostale zahvate u \u0161umarstvu. Sigurna dostava.","og_url":"https:\/\/shop.comterra.eu\/en\/p\/pressklemmen\/","og_site_name":"ComTerra","article_publisher":"https:\/\/web.facebook.com\/ComTerraEU","article_modified_time":"2022-10-27T07:00:07+00:00","og_image":[{"width":1024,"height":768,"url":"https:\/\/shop.comterra.eu\/wp-content\/uploads\/2022\/03\/Zastite-za-lanac.jpg","type":"image\/jpeg"}],"twitter_card":"summary_large_image","twitter_misc":{"Est. reading time":"1 minute"},"schema":{"@context":"https:\/\/schema.org","@graph":[{"@type":"WebPage","@id":"https:\/\/shop.comterra.eu\/p\/pressklemmen\/","url":"https:\/\/shop.comterra.eu\/p\/pressklemmen\/","name":"Pressklemmen - ComTerra","isPartOf":{"@id":"https:\/\/shop.comterra.eu\/#website"},"datePublished":"2022-03-17T10:21:41+00:00","dateModified":"2022-10-27T07:00:07+00:00","description":"Kvalitetni i izdr\u017eljivi \u0161umarski lanci, kuke, kliza\u010di i ostala oprema za izvla\u010denje, vu\u010du i ostale zahvate u \u0161umarstvu. Sigurna dostava.","breadcrumb":{"@id":"https:\/\/shop.comterra.eu\/p\/pressklemmen\/#breadcrumb"},"inLanguage":"en-US","potentialAction":[{"@type":"ReadAction","target":["https:\/\/shop.comterra.eu\/p\/pressklemmen\/"]}]},{"@type":"BreadcrumbList","@id":"https:\/\/shop.comterra.eu\/p\/pressklemmen\/#breadcrumb","itemListElement":[{"@type":"ListItem","position":1,"name":"ComTerra SHOP &#8211; Willkommen","item":"https:\/\/shop.comterra.eu\/"},{"@type":"ListItem","position":2,"name":"Pressklemmen"}]},{"@type":"WebSite","@id":"https:\/\/shop.comterra.eu\/#website","url":"https:\/\/shop.comterra.eu\/","name":"ComTerra","description":"","publisher":{"@id":"https:\/\/shop.comterra.eu\/#organization"},"potentialAction":[{"@type":"SearchAction","target":{"@type":"EntryPoint","urlTemplate":"https:\/\/shop.comterra.eu\/?s={search_term_string}"},"query-input":"required name=search_term_string"}],"inLanguage":"en-US"},{"@type":"Organization","@id":"https:\/\/shop.comterra.eu\/#organization","name":"ComTerra","url":"https:\/\/shop.comterra.eu\/","logo":{"@type":"ImageObject","inLanguage":"en-US","@id":"https:\/\/shop.comterra.eu\/#\/schema\/logo\/image\/","url":"https:\/\/shop.comterra.eu\/wp-content\/uploads\/2019\/12\/cropped-logo.png","contentUrl":"https:\/\/shop.comterra.eu\/wp-content\/uploads\/2019\/12\/cropped-logo.png","width":379,"height":89,"caption":"ComTerra"},"image":{"@id":"https:\/\/shop.comterra.eu\/#\/schema\/logo\/image\/"},"sameAs":["https:\/\/www.youtube.com\/channel\/UCn4vG_rMnFID5Hg_ooZKieg","https:\/\/web.facebook.com\/ComTerraEU"]}]}},"_links":{"self":[{"href":"https:\/\/shop.comterra.eu\/en\/wp-json\/wp\/v2\/product\/10729"}],"collection":[{"href":"https:\/\/shop.comterra.eu\/en\/wp-json\/wp\/v2\/product"}],"about":[{"href":"https:\/\/shop.comterra.eu\/en\/wp-json\/wp\/v2\/types\/product"}],"wp:featuredmedia":[{"embeddable":true,"href":"https:\/\/shop.comterra.eu\/en\/wp-json\/wp\/v2\/media\/10736"}],"wp:attachment":[{"href":"https:\/\/shop.comterra.eu\/en\/wp-json\/wp\/v2\/media?parent=10729"}],"wp:term":[{"taxonomy":"product_cat","embeddable":true,"href":"https:\/\/shop.comterra.eu\/en\/wp-json\/wp\/v2\/product_cat?post=10729"},{"taxonomy":"product_tag","embeddable":true,"href":"https:\/\/shop.comterra.eu\/en\/wp-json\/wp\/v2\/product_tag?post=10729"}],"curies":[{"name":"wp","href":"https:\/\/api.w.org\/{rel}","templated":true}]}}