{"id":10713,"date":"2022-03-17T09:12:11","date_gmt":"2022-03-17T09:12:11","guid":{"rendered":"https:\/\/shop.comterra.eu\/?post_type=product&#038;p=10713"},"modified":"2022-10-27T07:05:58","modified_gmt":"2022-10-27T07:05:58","slug":"durchstecknadel","status":"publish","type":"product","link":"https:\/\/shop.comterra.eu\/en\/p\/durchstecknadel\/","title":{"rendered":"Durchstecknadel"},"content":{"rendered":"<p>Prikladno za upotrebu sa \u010deli\u010dnim lancima od 6 mm, 7 mm, 8 mm i 10 mm, \u010detvrtastim lancima i lancima s d-prstenima.<\/p>\n<table>\n<tbody>\n<tr>\n<td width=\"107\"><strong>Br. Artikla<\/strong><\/td>\n<td width=\"107\"><strong>Du\u017eina<\/strong><\/td>\n<td width=\"107\"><strong>Debljina<br \/>\n<\/strong><\/td>\n<\/tr>\n<tr>\n<td width=\"107\"><strong>15475350<\/strong><\/td>\n<td width=\"107\">7,5 mm<strong><br \/>\n<\/strong><\/td>\n<td width=\"107\">350 mm<\/td>\n<\/tr>\n<\/tbody>\n<\/table>","protected":false},"excerpt":{"rendered":"<p>Chain rope connector<\/p>","protected":false},"featured_media":10717,"template":"","meta":[],"product_cat":[895,23],"product_tag":[],"yoast_head":"<!-- This site is optimized with the Yoast SEO plugin v20.0 - https:\/\/yoast.com\/wordpress\/plugins\/seo\/ -->\n<title>Durchstecknadel - ComTerra<\/title>\n<meta name=\"description\" content=\"Kvalitetni i izdr\u017eljivi \u0161umarski lanci, kuke, kliza\u010di i ostala oprema za izvla\u010denje, vu\u010du i ostale zahvate u \u0161umarstvu. Sigurna dostava.\" \/>\n<meta name=\"robots\" content=\"noindex, follow, max-snippet:-1, max-image-preview:large, max-video-preview:-1\" \/>\n<meta property=\"og:locale\" content=\"en_US\" \/>\n<meta property=\"og:type\" content=\"article\" \/>\n<meta property=\"og:title\" content=\"Durchstecknadel - ComTerra\" \/>\n<meta property=\"og:description\" content=\"Kvalitetni i izdr\u017eljivi \u0161umarski lanci, kuke, kliza\u010di i ostala oprema za izvla\u010denje, vu\u010du i ostale zahvate u \u0161umarstvu. Sigurna dostava.\" \/>\n<meta property=\"og:url\" content=\"https:\/\/shop.comterra.eu\/en\/p\/durchstecknadel\/\" \/>\n<meta property=\"og:site_name\" content=\"ComTerra\" \/>\n<meta property=\"article:publisher\" content=\"https:\/\/web.facebook.com\/ComTerraEU\" \/>\n<meta property=\"article:modified_time\" content=\"2022-10-27T07:05:58+00:00\" \/>\n<meta property=\"og:image\" content=\"https:\/\/shop.comterra.eu\/wp-content\/uploads\/2022\/03\/Igla-za-sumarcki-lanac.jpg\" \/>\n\t<meta property=\"og:image:width\" content=\"1024\" \/>\n\t<meta property=\"og:image:height\" content=\"768\" \/>\n\t<meta property=\"og:image:type\" content=\"image\/jpeg\" \/>\n<meta name=\"twitter:card\" content=\"summary_large_image\" \/>\n<meta name=\"twitter:label1\" content=\"Est. reading time\" \/>\n\t<meta name=\"twitter:data1\" content=\"1 minute\" \/>\n<script type=\"application\/ld+json\" class=\"yoast-schema-graph\">{\"@context\":\"https:\/\/schema.org\",\"@graph\":[{\"@type\":\"WebPage\",\"@id\":\"https:\/\/shop.comterra.eu\/p\/durchstecknadel\/\",\"url\":\"https:\/\/shop.comterra.eu\/p\/durchstecknadel\/\",\"name\":\"Durchstecknadel - ComTerra\",\"isPartOf\":{\"@id\":\"https:\/\/shop.comterra.eu\/#website\"},\"datePublished\":\"2022-03-17T09:12:11+00:00\",\"dateModified\":\"2022-10-27T07:05:58+00:00\",\"description\":\"Kvalitetni i izdr\u017eljivi \u0161umarski lanci, kuke, kliza\u010di i ostala oprema za izvla\u010denje, vu\u010du i ostale zahvate u \u0161umarstvu. Sigurna dostava.\",\"breadcrumb\":{\"@id\":\"https:\/\/shop.comterra.eu\/p\/durchstecknadel\/#breadcrumb\"},\"inLanguage\":\"en-US\",\"potentialAction\":[{\"@type\":\"ReadAction\",\"target\":[\"https:\/\/shop.comterra.eu\/p\/durchstecknadel\/\"]}]},{\"@type\":\"BreadcrumbList\",\"@id\":\"https:\/\/shop.comterra.eu\/p\/durchstecknadel\/#breadcrumb\",\"itemListElement\":[{\"@type\":\"ListItem\",\"position\":1,\"name\":\"ComTerra SHOP &#8211; Willkommen\",\"item\":\"https:\/\/shop.comterra.eu\/\"},{\"@type\":\"ListItem\",\"position\":2,\"name\":\"Durchstecknadel\"}]},{\"@type\":\"WebSite\",\"@id\":\"https:\/\/shop.comterra.eu\/#website\",\"url\":\"https:\/\/shop.comterra.eu\/\",\"name\":\"ComTerra\",\"description\":\"\",\"publisher\":{\"@id\":\"https:\/\/shop.comterra.eu\/#organization\"},\"potentialAction\":[{\"@type\":\"SearchAction\",\"target\":{\"@type\":\"EntryPoint\",\"urlTemplate\":\"https:\/\/shop.comterra.eu\/?s={search_term_string}\"},\"query-input\":\"required name=search_term_string\"}],\"inLanguage\":\"en-US\"},{\"@type\":\"Organization\",\"@id\":\"https:\/\/shop.comterra.eu\/#organization\",\"name\":\"ComTerra\",\"url\":\"https:\/\/shop.comterra.eu\/\",\"logo\":{\"@type\":\"ImageObject\",\"inLanguage\":\"en-US\",\"@id\":\"https:\/\/shop.comterra.eu\/#\/schema\/logo\/image\/\",\"url\":\"https:\/\/shop.comterra.eu\/wp-content\/uploads\/2019\/12\/cropped-logo.png\",\"contentUrl\":\"https:\/\/shop.comterra.eu\/wp-content\/uploads\/2019\/12\/cropped-logo.png\",\"width\":379,\"height\":89,\"caption\":\"ComTerra\"},\"image\":{\"@id\":\"https:\/\/shop.comterra.eu\/#\/schema\/logo\/image\/\"},\"sameAs\":[\"https:\/\/www.youtube.com\/channel\/UCn4vG_rMnFID5Hg_ooZKieg\",\"https:\/\/web.facebook.com\/ComTerraEU\"]}]}<\/script>\n<!-- \/ Yoast SEO plugin. -->","yoast_head_json":{"title":"Durchstecknadel - ComTerra","description":"Kvalitetni i izdr\u017eljivi \u0161umarski lanci, kuke, kliza\u010di i ostala oprema za izvla\u010denje, vu\u010du i ostale zahvate u \u0161umarstvu. Sigurna dostava.","robots":{"index":"noindex","follow":"follow","max-snippet":"max-snippet:-1","max-image-preview":"max-image-preview:large","max-video-preview":"max-video-preview:-1"},"og_locale":"en_US","og_type":"article","og_title":"Durchstecknadel - ComTerra","og_description":"Kvalitetni i izdr\u017eljivi \u0161umarski lanci, kuke, kliza\u010di i ostala oprema za izvla\u010denje, vu\u010du i ostale zahvate u \u0161umarstvu. Sigurna dostava.","og_url":"https:\/\/shop.comterra.eu\/en\/p\/durchstecknadel\/","og_site_name":"ComTerra","article_publisher":"https:\/\/web.facebook.com\/ComTerraEU","article_modified_time":"2022-10-27T07:05:58+00:00","og_image":[{"width":1024,"height":768,"url":"https:\/\/shop.comterra.eu\/wp-content\/uploads\/2022\/03\/Igla-za-sumarcki-lanac.jpg","type":"image\/jpeg"}],"twitter_card":"summary_large_image","twitter_misc":{"Est. reading time":"1 minute"},"schema":{"@context":"https:\/\/schema.org","@graph":[{"@type":"WebPage","@id":"https:\/\/shop.comterra.eu\/p\/durchstecknadel\/","url":"https:\/\/shop.comterra.eu\/p\/durchstecknadel\/","name":"Durchstecknadel - ComTerra","isPartOf":{"@id":"https:\/\/shop.comterra.eu\/#website"},"datePublished":"2022-03-17T09:12:11+00:00","dateModified":"2022-10-27T07:05:58+00:00","description":"Kvalitetni i izdr\u017eljivi \u0161umarski lanci, kuke, kliza\u010di i ostala oprema za izvla\u010denje, vu\u010du i ostale zahvate u \u0161umarstvu. Sigurna dostava.","breadcrumb":{"@id":"https:\/\/shop.comterra.eu\/p\/durchstecknadel\/#breadcrumb"},"inLanguage":"en-US","potentialAction":[{"@type":"ReadAction","target":["https:\/\/shop.comterra.eu\/p\/durchstecknadel\/"]}]},{"@type":"BreadcrumbList","@id":"https:\/\/shop.comterra.eu\/p\/durchstecknadel\/#breadcrumb","itemListElement":[{"@type":"ListItem","position":1,"name":"ComTerra SHOP &#8211; Willkommen","item":"https:\/\/shop.comterra.eu\/"},{"@type":"ListItem","position":2,"name":"Durchstecknadel"}]},{"@type":"WebSite","@id":"https:\/\/shop.comterra.eu\/#website","url":"https:\/\/shop.comterra.eu\/","name":"ComTerra","description":"","publisher":{"@id":"https:\/\/shop.comterra.eu\/#organization"},"potentialAction":[{"@type":"SearchAction","target":{"@type":"EntryPoint","urlTemplate":"https:\/\/shop.comterra.eu\/?s={search_term_string}"},"query-input":"required name=search_term_string"}],"inLanguage":"en-US"},{"@type":"Organization","@id":"https:\/\/shop.comterra.eu\/#organization","name":"ComTerra","url":"https:\/\/shop.comterra.eu\/","logo":{"@type":"ImageObject","inLanguage":"en-US","@id":"https:\/\/shop.comterra.eu\/#\/schema\/logo\/image\/","url":"https:\/\/shop.comterra.eu\/wp-content\/uploads\/2019\/12\/cropped-logo.png","contentUrl":"https:\/\/shop.comterra.eu\/wp-content\/uploads\/2019\/12\/cropped-logo.png","width":379,"height":89,"caption":"ComTerra"},"image":{"@id":"https:\/\/shop.comterra.eu\/#\/schema\/logo\/image\/"},"sameAs":["https:\/\/www.youtube.com\/channel\/UCn4vG_rMnFID5Hg_ooZKieg","https:\/\/web.facebook.com\/ComTerraEU"]}]}},"_links":{"self":[{"href":"https:\/\/shop.comterra.eu\/en\/wp-json\/wp\/v2\/product\/10713"}],"collection":[{"href":"https:\/\/shop.comterra.eu\/en\/wp-json\/wp\/v2\/product"}],"about":[{"href":"https:\/\/shop.comterra.eu\/en\/wp-json\/wp\/v2\/types\/product"}],"wp:featuredmedia":[{"embeddable":true,"href":"https:\/\/shop.comterra.eu\/en\/wp-json\/wp\/v2\/media\/10717"}],"wp:attachment":[{"href":"https:\/\/shop.comterra.eu\/en\/wp-json\/wp\/v2\/media?parent=10713"}],"wp:term":[{"taxonomy":"product_cat","embeddable":true,"href":"https:\/\/shop.comterra.eu\/en\/wp-json\/wp\/v2\/product_cat?post=10713"},{"taxonomy":"product_tag","embeddable":true,"href":"https:\/\/shop.comterra.eu\/en\/wp-json\/wp\/v2\/product_tag?post=10713"}],"curies":[{"name":"wp","href":"https:\/\/api.w.org\/{rel}","templated":true}]}}