{"id":10431,"date":"2022-03-02T08:16:41","date_gmt":"2022-03-02T08:16:41","guid":{"rendered":"https:\/\/shop.comterra.eu\/?post_type=product&#038;p=10431"},"modified":"2022-10-27T10:21:17","modified_gmt":"2022-10-27T10:21:17","slug":"aufhaengegarnituren-gueteklasse-8-din-en-1677-4","status":"publish","type":"product","link":"https:\/\/shop.comterra.eu\/en\/p\/aufhaengegarnituren-gueteklasse-8-din-en-1677-4\/","title":{"rendered":"Aufh\u00e4ngegarnituren G\u00fcteklasse 8 DIN EN 1677-4"},"content":{"rendered":"<p>DIN EN 1677-4<\/p>\n<p>Za 3- i 4- krake lan\u010dane priveznice<\/p>\n<table>\n<tbody>\n<tr>\n<td width=\"107\">Veli\u010dine<\/td>\n<td width=\"107\"><strong>Br. Artikla<\/strong><\/td>\n<td width=\"107\"><strong>WLL (t)<br \/>\n<\/strong><\/td>\n<td width=\"107\"><strong>Te\u017eina (kg)<br \/>\n<\/strong><\/td>\n<\/tr>\n<tr>\n<td width=\"107\"><strong>6<\/strong><\/td>\n<td width=\"107\"><strong>31410067<\/strong><\/td>\n<td width=\"107\">3,15<\/td>\n<td width=\"107\">0.93<\/td>\n<\/tr>\n<tr>\n<td width=\"107\"><strong>8<\/strong><\/td>\n<td width=\"107\"><strong>31410080<\/strong><\/td>\n<td width=\"107\">4,25<\/td>\n<td width=\"107\">1.82<\/td>\n<\/tr>\n<tr>\n<td width=\"107\"><strong>10<\/strong><\/td>\n<td width=\"107\"><strong>31410100<\/strong><\/td>\n<td width=\"107\">6,70<\/td>\n<td width=\"107\">3.76<\/td>\n<\/tr>\n<tr>\n<td width=\"107\"><strong>13<\/strong><\/td>\n<td width=\"107\"><strong>31410130<\/strong><\/td>\n<td width=\"107\">11,20<\/td>\n<td width=\"107\">7.60<\/td>\n<\/tr>\n<tr>\n<td width=\"107\"><strong>16<\/strong><\/td>\n<td width=\"107\"><strong>31410160<\/strong><\/td>\n<td width=\"107\">17,00<\/td>\n<td width=\"107\">12.60<\/td>\n<\/tr>\n<tr>\n<td width=\"107\"><strong>18<\/strong><\/td>\n<td width=\"107\"><strong>31410180<\/strong><\/td>\n<td width=\"107\">21,20<\/td>\n<td width=\"107\">17.80<\/td>\n<\/tr>\n<tr>\n<td width=\"107\"><strong>20<\/strong><\/td>\n<td width=\"107\"><strong>31410190<\/strong><\/td>\n<td width=\"107\">26,50<\/td>\n<td width=\"107\">24.40<\/td>\n<\/tr>\n<\/tbody>\n<\/table>","protected":false},"excerpt":{"rendered":"<p>Master Link Assembly<\/p>","protected":false},"featured_media":10440,"template":"","meta":[],"product_cat":[70,23],"product_tag":[],"yoast_head":"<!-- This site is optimized with the Yoast SEO plugin v20.0 - https:\/\/yoast.com\/wordpress\/plugins\/seo\/ -->\n<title>Aufh\u00e4ngegarnituren G\u00fcteklasse 8 DIN EN 1677-4 - ComTerra<\/title>\n<meta name=\"description\" content=\"Kvalitetna oprema za dizanje i vezanje tereta. Izrada lan\u010danih priveznica razli\u010ditih du\u017eina za osiguranje tereta. Dostava na Va\u0161u adresu!\" \/>\n<meta name=\"robots\" content=\"noindex, follow, max-snippet:-1, max-image-preview:large, max-video-preview:-1\" \/>\n<meta property=\"og:locale\" content=\"en_US\" \/>\n<meta property=\"og:type\" content=\"article\" \/>\n<meta property=\"og:title\" content=\"Aufh\u00e4ngegarnituren G\u00fcteklasse 8 DIN EN 1677-4 - ComTerra\" \/>\n<meta property=\"og:description\" content=\"Kvalitetna oprema za dizanje i vezanje tereta. Izrada lan\u010danih priveznica razli\u010ditih du\u017eina za osiguranje tereta. Dostava na Va\u0161u adresu!\" \/>\n<meta property=\"og:url\" content=\"https:\/\/shop.comterra.eu\/en\/p\/aufhaengegarnituren-gueteklasse-8-din-en-1677-4\/\" \/>\n<meta property=\"og:site_name\" content=\"ComTerra\" \/>\n<meta property=\"article:publisher\" content=\"https:\/\/web.facebook.com\/ComTerraEU\" \/>\n<meta property=\"article:modified_time\" content=\"2022-10-27T10:21:17+00:00\" \/>\n<meta property=\"og:image\" content=\"https:\/\/shop.comterra.eu\/wp-content\/uploads\/2022\/03\/Glavna-karika-za-spajanje-garnitura-g8.jpg\" \/>\n\t<meta property=\"og:image:width\" content=\"1024\" \/>\n\t<meta property=\"og:image:height\" content=\"768\" \/>\n\t<meta property=\"og:image:type\" content=\"image\/jpeg\" \/>\n<meta name=\"twitter:card\" content=\"summary_large_image\" \/>\n<meta name=\"twitter:label1\" content=\"Est. reading time\" \/>\n\t<meta name=\"twitter:data1\" content=\"1 minute\" \/>\n<script type=\"application\/ld+json\" class=\"yoast-schema-graph\">{\"@context\":\"https:\/\/schema.org\",\"@graph\":[{\"@type\":\"WebPage\",\"@id\":\"https:\/\/shop.comterra.eu\/p\/aufhaengegarnituren-gueteklasse-8-din-en-1677-4\/\",\"url\":\"https:\/\/shop.comterra.eu\/p\/aufhaengegarnituren-gueteklasse-8-din-en-1677-4\/\",\"name\":\"Aufh\u00e4ngegarnituren G\u00fcteklasse 8 DIN EN 1677-4 - ComTerra\",\"isPartOf\":{\"@id\":\"https:\/\/shop.comterra.eu\/#website\"},\"datePublished\":\"2022-03-02T08:16:41+00:00\",\"dateModified\":\"2022-10-27T10:21:17+00:00\",\"description\":\"Kvalitetna oprema za dizanje i vezanje tereta. Izrada lan\u010danih priveznica razli\u010ditih du\u017eina za osiguranje tereta. Dostava na Va\u0161u adresu!\",\"breadcrumb\":{\"@id\":\"https:\/\/shop.comterra.eu\/p\/aufhaengegarnituren-gueteklasse-8-din-en-1677-4\/#breadcrumb\"},\"inLanguage\":\"en-US\",\"potentialAction\":[{\"@type\":\"ReadAction\",\"target\":[\"https:\/\/shop.comterra.eu\/p\/aufhaengegarnituren-gueteklasse-8-din-en-1677-4\/\"]}]},{\"@type\":\"BreadcrumbList\",\"@id\":\"https:\/\/shop.comterra.eu\/p\/aufhaengegarnituren-gueteklasse-8-din-en-1677-4\/#breadcrumb\",\"itemListElement\":[{\"@type\":\"ListItem\",\"position\":1,\"name\":\"ComTerra SHOP &#8211; Willkommen\",\"item\":\"https:\/\/shop.comterra.eu\/\"},{\"@type\":\"ListItem\",\"position\":2,\"name\":\"Aufh\u00e4ngegarnituren G\u00fcteklasse 8 DIN EN 1677-4\"}]},{\"@type\":\"WebSite\",\"@id\":\"https:\/\/shop.comterra.eu\/#website\",\"url\":\"https:\/\/shop.comterra.eu\/\",\"name\":\"ComTerra\",\"description\":\"\",\"publisher\":{\"@id\":\"https:\/\/shop.comterra.eu\/#organization\"},\"potentialAction\":[{\"@type\":\"SearchAction\",\"target\":{\"@type\":\"EntryPoint\",\"urlTemplate\":\"https:\/\/shop.comterra.eu\/?s={search_term_string}\"},\"query-input\":\"required name=search_term_string\"}],\"inLanguage\":\"en-US\"},{\"@type\":\"Organization\",\"@id\":\"https:\/\/shop.comterra.eu\/#organization\",\"name\":\"ComTerra\",\"url\":\"https:\/\/shop.comterra.eu\/\",\"logo\":{\"@type\":\"ImageObject\",\"inLanguage\":\"en-US\",\"@id\":\"https:\/\/shop.comterra.eu\/#\/schema\/logo\/image\/\",\"url\":\"https:\/\/shop.comterra.eu\/wp-content\/uploads\/2019\/12\/cropped-logo.png\",\"contentUrl\":\"https:\/\/shop.comterra.eu\/wp-content\/uploads\/2019\/12\/cropped-logo.png\",\"width\":379,\"height\":89,\"caption\":\"ComTerra\"},\"image\":{\"@id\":\"https:\/\/shop.comterra.eu\/#\/schema\/logo\/image\/\"},\"sameAs\":[\"https:\/\/www.youtube.com\/channel\/UCn4vG_rMnFID5Hg_ooZKieg\",\"https:\/\/web.facebook.com\/ComTerraEU\"]}]}<\/script>\n<!-- \/ Yoast SEO plugin. -->","yoast_head_json":{"title":"Aufh\u00e4ngegarnituren G\u00fcteklasse 8 DIN EN 1677-4 - ComTerra","description":"Kvalitetna oprema za dizanje i vezanje tereta. Izrada lan\u010danih priveznica razli\u010ditih du\u017eina za osiguranje tereta. Dostava na Va\u0161u adresu!","robots":{"index":"noindex","follow":"follow","max-snippet":"max-snippet:-1","max-image-preview":"max-image-preview:large","max-video-preview":"max-video-preview:-1"},"og_locale":"en_US","og_type":"article","og_title":"Aufh\u00e4ngegarnituren G\u00fcteklasse 8 DIN EN 1677-4 - ComTerra","og_description":"Kvalitetna oprema za dizanje i vezanje tereta. Izrada lan\u010danih priveznica razli\u010ditih du\u017eina za osiguranje tereta. Dostava na Va\u0161u adresu!","og_url":"https:\/\/shop.comterra.eu\/en\/p\/aufhaengegarnituren-gueteklasse-8-din-en-1677-4\/","og_site_name":"ComTerra","article_publisher":"https:\/\/web.facebook.com\/ComTerraEU","article_modified_time":"2022-10-27T10:21:17+00:00","og_image":[{"width":1024,"height":768,"url":"https:\/\/shop.comterra.eu\/wp-content\/uploads\/2022\/03\/Glavna-karika-za-spajanje-garnitura-g8.jpg","type":"image\/jpeg"}],"twitter_card":"summary_large_image","twitter_misc":{"Est. reading time":"1 minute"},"schema":{"@context":"https:\/\/schema.org","@graph":[{"@type":"WebPage","@id":"https:\/\/shop.comterra.eu\/p\/aufhaengegarnituren-gueteklasse-8-din-en-1677-4\/","url":"https:\/\/shop.comterra.eu\/p\/aufhaengegarnituren-gueteklasse-8-din-en-1677-4\/","name":"Aufh\u00e4ngegarnituren G\u00fcteklasse 8 DIN EN 1677-4 - ComTerra","isPartOf":{"@id":"https:\/\/shop.comterra.eu\/#website"},"datePublished":"2022-03-02T08:16:41+00:00","dateModified":"2022-10-27T10:21:17+00:00","description":"Kvalitetna oprema za dizanje i vezanje tereta. Izrada lan\u010danih priveznica razli\u010ditih du\u017eina za osiguranje tereta. Dostava na Va\u0161u adresu!","breadcrumb":{"@id":"https:\/\/shop.comterra.eu\/p\/aufhaengegarnituren-gueteklasse-8-din-en-1677-4\/#breadcrumb"},"inLanguage":"en-US","potentialAction":[{"@type":"ReadAction","target":["https:\/\/shop.comterra.eu\/p\/aufhaengegarnituren-gueteklasse-8-din-en-1677-4\/"]}]},{"@type":"BreadcrumbList","@id":"https:\/\/shop.comterra.eu\/p\/aufhaengegarnituren-gueteklasse-8-din-en-1677-4\/#breadcrumb","itemListElement":[{"@type":"ListItem","position":1,"name":"ComTerra SHOP &#8211; Willkommen","item":"https:\/\/shop.comterra.eu\/"},{"@type":"ListItem","position":2,"name":"Aufh\u00e4ngegarnituren G\u00fcteklasse 8 DIN EN 1677-4"}]},{"@type":"WebSite","@id":"https:\/\/shop.comterra.eu\/#website","url":"https:\/\/shop.comterra.eu\/","name":"ComTerra","description":"","publisher":{"@id":"https:\/\/shop.comterra.eu\/#organization"},"potentialAction":[{"@type":"SearchAction","target":{"@type":"EntryPoint","urlTemplate":"https:\/\/shop.comterra.eu\/?s={search_term_string}"},"query-input":"required name=search_term_string"}],"inLanguage":"en-US"},{"@type":"Organization","@id":"https:\/\/shop.comterra.eu\/#organization","name":"ComTerra","url":"https:\/\/shop.comterra.eu\/","logo":{"@type":"ImageObject","inLanguage":"en-US","@id":"https:\/\/shop.comterra.eu\/#\/schema\/logo\/image\/","url":"https:\/\/shop.comterra.eu\/wp-content\/uploads\/2019\/12\/cropped-logo.png","contentUrl":"https:\/\/shop.comterra.eu\/wp-content\/uploads\/2019\/12\/cropped-logo.png","width":379,"height":89,"caption":"ComTerra"},"image":{"@id":"https:\/\/shop.comterra.eu\/#\/schema\/logo\/image\/"},"sameAs":["https:\/\/www.youtube.com\/channel\/UCn4vG_rMnFID5Hg_ooZKieg","https:\/\/web.facebook.com\/ComTerraEU"]}]}},"_links":{"self":[{"href":"https:\/\/shop.comterra.eu\/en\/wp-json\/wp\/v2\/product\/10431"}],"collection":[{"href":"https:\/\/shop.comterra.eu\/en\/wp-json\/wp\/v2\/product"}],"about":[{"href":"https:\/\/shop.comterra.eu\/en\/wp-json\/wp\/v2\/types\/product"}],"wp:featuredmedia":[{"embeddable":true,"href":"https:\/\/shop.comterra.eu\/en\/wp-json\/wp\/v2\/media\/10440"}],"wp:attachment":[{"href":"https:\/\/shop.comterra.eu\/en\/wp-json\/wp\/v2\/media?parent=10431"}],"wp:term":[{"taxonomy":"product_cat","embeddable":true,"href":"https:\/\/shop.comterra.eu\/en\/wp-json\/wp\/v2\/product_cat?post=10431"},{"taxonomy":"product_tag","embeddable":true,"href":"https:\/\/shop.comterra.eu\/en\/wp-json\/wp\/v2\/product_tag?post=10431"}],"curies":[{"name":"wp","href":"https:\/\/api.w.org\/{rel}","templated":true}]}}