{"id":10428,"date":"2022-03-02T07:34:48","date_gmt":"2022-03-02T07:34:48","guid":{"rendered":"https:\/\/shop.comterra.eu\/?post_type=product&#038;p=10428"},"modified":"2022-10-27T10:21:41","modified_gmt":"2022-10-27T10:21:41","slug":"gabelkopfhaken-gueteklasse-8-din-en-1677-1","status":"publish","type":"product","link":"https:\/\/shop.comterra.eu\/en\/p\/gabelkopfhaken-gueteklasse-8-din-en-1677-1\/","title":{"rendered":"Gabelkopfhaken G\u00fcteklasse 8 DIN EN 1677-1"},"content":{"rendered":"<table>\n<tbody>\n<tr>\n<td width=\"107\">Veli\u010dine<\/td>\n<td width=\"107\"><strong>Br. Artikla<\/strong><\/td>\n<td width=\"107\"><strong>WLL (t)<br \/>\n<\/strong><\/td>\n<td width=\"107\"><strong>Te\u017eina (kg)<br \/>\n<\/strong><\/td>\n<\/tr>\n<tr>\n<td width=\"107\"><strong>6<\/strong><\/td>\n<td width=\"107\"><strong>31261067<\/strong><\/td>\n<td width=\"107\">1,12<\/td>\n<td width=\"107\">0.21<\/td>\n<\/tr>\n<tr>\n<td width=\"107\"><strong>8<\/strong><\/td>\n<td width=\"107\"><strong>31261080<\/strong><\/td>\n<td width=\"107\">2,00<\/td>\n<td width=\"107\">0.6<\/td>\n<\/tr>\n<tr>\n<td width=\"107\"><strong>10<\/strong><\/td>\n<td width=\"107\"><strong>31261100<\/strong><\/td>\n<td width=\"107\">3,15<\/td>\n<td width=\"107\">1.15<\/td>\n<\/tr>\n<tr>\n<td width=\"107\"><strong>13<\/strong><\/td>\n<td width=\"107\"><strong>31261300<\/strong><\/td>\n<td width=\"107\">5,30<\/td>\n<td width=\"107\">2.05<\/td>\n<\/tr>\n<tr>\n<td width=\"107\"><strong>16<\/strong><\/td>\n<td width=\"107\"><strong>31261600<\/strong><\/td>\n<td width=\"107\">8,00<\/td>\n<td width=\"107\">3.55<\/td>\n<\/tr>\n<\/tbody>\n<\/table>","protected":false},"excerpt":{"rendered":"<p>Clevis Hook G8<\/p>","protected":false},"featured_media":10429,"template":"","meta":[],"product_cat":[70,23],"product_tag":[],"yoast_head":"<!-- This site is optimized with the Yoast SEO plugin v20.0 - https:\/\/yoast.com\/wordpress\/plugins\/seo\/ -->\n<title>Gabelkopfhaken G\u00fcteklasse 8 DIN EN 1677-1 - ComTerra<\/title>\n<meta name=\"description\" content=\"Kvalitetna oprema za dizanje i vezanje tereta. Izrada lan\u010danih priveznica razli\u010ditih du\u017eina za osiguranje tereta. Dostava na Va\u0161u adresu!\" \/>\n<meta name=\"robots\" content=\"noindex, follow, max-snippet:-1, max-image-preview:large, max-video-preview:-1\" \/>\n<meta property=\"og:locale\" content=\"en_US\" \/>\n<meta property=\"og:type\" content=\"article\" \/>\n<meta property=\"og:title\" content=\"Gabelkopfhaken G\u00fcteklasse 8 DIN EN 1677-1 - ComTerra\" \/>\n<meta property=\"og:description\" content=\"Kvalitetna oprema za dizanje i vezanje tereta. Izrada lan\u010danih priveznica razli\u010ditih du\u017eina za osiguranje tereta. Dostava na Va\u0161u adresu!\" \/>\n<meta property=\"og:url\" content=\"https:\/\/shop.comterra.eu\/en\/p\/gabelkopfhaken-gueteklasse-8-din-en-1677-1\/\" \/>\n<meta property=\"og:site_name\" content=\"ComTerra\" \/>\n<meta property=\"article:publisher\" content=\"https:\/\/web.facebook.com\/ComTerraEU\" \/>\n<meta property=\"article:modified_time\" content=\"2022-10-27T10:21:41+00:00\" \/>\n<meta property=\"og:image\" content=\"https:\/\/shop.comterra.eu\/wp-content\/uploads\/2022\/03\/Direktna_kuka_g8.png.jpg\" \/>\n\t<meta property=\"og:image:width\" content=\"1024\" \/>\n\t<meta property=\"og:image:height\" content=\"768\" \/>\n\t<meta property=\"og:image:type\" content=\"image\/jpeg\" \/>\n<meta name=\"twitter:card\" content=\"summary_large_image\" \/>\n<meta name=\"twitter:label1\" content=\"Est. reading time\" \/>\n\t<meta name=\"twitter:data1\" content=\"1 minute\" \/>\n<script type=\"application\/ld+json\" class=\"yoast-schema-graph\">{\"@context\":\"https:\/\/schema.org\",\"@graph\":[{\"@type\":\"WebPage\",\"@id\":\"https:\/\/shop.comterra.eu\/p\/gabelkopfhaken-gueteklasse-8-din-en-1677-1\/\",\"url\":\"https:\/\/shop.comterra.eu\/p\/gabelkopfhaken-gueteklasse-8-din-en-1677-1\/\",\"name\":\"Gabelkopfhaken G\u00fcteklasse 8 DIN EN 1677-1 - ComTerra\",\"isPartOf\":{\"@id\":\"https:\/\/shop.comterra.eu\/#website\"},\"datePublished\":\"2022-03-02T07:34:48+00:00\",\"dateModified\":\"2022-10-27T10:21:41+00:00\",\"description\":\"Kvalitetna oprema za dizanje i vezanje tereta. Izrada lan\u010danih priveznica razli\u010ditih du\u017eina za osiguranje tereta. Dostava na Va\u0161u adresu!\",\"breadcrumb\":{\"@id\":\"https:\/\/shop.comterra.eu\/p\/gabelkopfhaken-gueteklasse-8-din-en-1677-1\/#breadcrumb\"},\"inLanguage\":\"en-US\",\"potentialAction\":[{\"@type\":\"ReadAction\",\"target\":[\"https:\/\/shop.comterra.eu\/p\/gabelkopfhaken-gueteklasse-8-din-en-1677-1\/\"]}]},{\"@type\":\"BreadcrumbList\",\"@id\":\"https:\/\/shop.comterra.eu\/p\/gabelkopfhaken-gueteklasse-8-din-en-1677-1\/#breadcrumb\",\"itemListElement\":[{\"@type\":\"ListItem\",\"position\":1,\"name\":\"ComTerra SHOP &#8211; Willkommen\",\"item\":\"https:\/\/shop.comterra.eu\/\"},{\"@type\":\"ListItem\",\"position\":2,\"name\":\"Gabelkopfhaken G\u00fcteklasse 8 DIN EN 1677-1\"}]},{\"@type\":\"WebSite\",\"@id\":\"https:\/\/shop.comterra.eu\/#website\",\"url\":\"https:\/\/shop.comterra.eu\/\",\"name\":\"ComTerra\",\"description\":\"\",\"publisher\":{\"@id\":\"https:\/\/shop.comterra.eu\/#organization\"},\"potentialAction\":[{\"@type\":\"SearchAction\",\"target\":{\"@type\":\"EntryPoint\",\"urlTemplate\":\"https:\/\/shop.comterra.eu\/?s={search_term_string}\"},\"query-input\":\"required name=search_term_string\"}],\"inLanguage\":\"en-US\"},{\"@type\":\"Organization\",\"@id\":\"https:\/\/shop.comterra.eu\/#organization\",\"name\":\"ComTerra\",\"url\":\"https:\/\/shop.comterra.eu\/\",\"logo\":{\"@type\":\"ImageObject\",\"inLanguage\":\"en-US\",\"@id\":\"https:\/\/shop.comterra.eu\/#\/schema\/logo\/image\/\",\"url\":\"https:\/\/shop.comterra.eu\/wp-content\/uploads\/2019\/12\/cropped-logo.png\",\"contentUrl\":\"https:\/\/shop.comterra.eu\/wp-content\/uploads\/2019\/12\/cropped-logo.png\",\"width\":379,\"height\":89,\"caption\":\"ComTerra\"},\"image\":{\"@id\":\"https:\/\/shop.comterra.eu\/#\/schema\/logo\/image\/\"},\"sameAs\":[\"https:\/\/www.youtube.com\/channel\/UCn4vG_rMnFID5Hg_ooZKieg\",\"https:\/\/web.facebook.com\/ComTerraEU\"]}]}<\/script>\n<!-- \/ Yoast SEO plugin. -->","yoast_head_json":{"title":"Gabelkopfhaken G\u00fcteklasse 8 DIN EN 1677-1 - ComTerra","description":"Kvalitetna oprema za dizanje i vezanje tereta. Izrada lan\u010danih priveznica razli\u010ditih du\u017eina za osiguranje tereta. Dostava na Va\u0161u adresu!","robots":{"index":"noindex","follow":"follow","max-snippet":"max-snippet:-1","max-image-preview":"max-image-preview:large","max-video-preview":"max-video-preview:-1"},"og_locale":"en_US","og_type":"article","og_title":"Gabelkopfhaken G\u00fcteklasse 8 DIN EN 1677-1 - ComTerra","og_description":"Kvalitetna oprema za dizanje i vezanje tereta. Izrada lan\u010danih priveznica razli\u010ditih du\u017eina za osiguranje tereta. Dostava na Va\u0161u adresu!","og_url":"https:\/\/shop.comterra.eu\/en\/p\/gabelkopfhaken-gueteklasse-8-din-en-1677-1\/","og_site_name":"ComTerra","article_publisher":"https:\/\/web.facebook.com\/ComTerraEU","article_modified_time":"2022-10-27T10:21:41+00:00","og_image":[{"width":1024,"height":768,"url":"https:\/\/shop.comterra.eu\/wp-content\/uploads\/2022\/03\/Direktna_kuka_g8.png.jpg","type":"image\/jpeg"}],"twitter_card":"summary_large_image","twitter_misc":{"Est. reading time":"1 minute"},"schema":{"@context":"https:\/\/schema.org","@graph":[{"@type":"WebPage","@id":"https:\/\/shop.comterra.eu\/p\/gabelkopfhaken-gueteklasse-8-din-en-1677-1\/","url":"https:\/\/shop.comterra.eu\/p\/gabelkopfhaken-gueteklasse-8-din-en-1677-1\/","name":"Gabelkopfhaken G\u00fcteklasse 8 DIN EN 1677-1 - ComTerra","isPartOf":{"@id":"https:\/\/shop.comterra.eu\/#website"},"datePublished":"2022-03-02T07:34:48+00:00","dateModified":"2022-10-27T10:21:41+00:00","description":"Kvalitetna oprema za dizanje i vezanje tereta. Izrada lan\u010danih priveznica razli\u010ditih du\u017eina za osiguranje tereta. Dostava na Va\u0161u adresu!","breadcrumb":{"@id":"https:\/\/shop.comterra.eu\/p\/gabelkopfhaken-gueteklasse-8-din-en-1677-1\/#breadcrumb"},"inLanguage":"en-US","potentialAction":[{"@type":"ReadAction","target":["https:\/\/shop.comterra.eu\/p\/gabelkopfhaken-gueteklasse-8-din-en-1677-1\/"]}]},{"@type":"BreadcrumbList","@id":"https:\/\/shop.comterra.eu\/p\/gabelkopfhaken-gueteklasse-8-din-en-1677-1\/#breadcrumb","itemListElement":[{"@type":"ListItem","position":1,"name":"ComTerra SHOP &#8211; Willkommen","item":"https:\/\/shop.comterra.eu\/"},{"@type":"ListItem","position":2,"name":"Gabelkopfhaken G\u00fcteklasse 8 DIN EN 1677-1"}]},{"@type":"WebSite","@id":"https:\/\/shop.comterra.eu\/#website","url":"https:\/\/shop.comterra.eu\/","name":"ComTerra","description":"","publisher":{"@id":"https:\/\/shop.comterra.eu\/#organization"},"potentialAction":[{"@type":"SearchAction","target":{"@type":"EntryPoint","urlTemplate":"https:\/\/shop.comterra.eu\/?s={search_term_string}"},"query-input":"required name=search_term_string"}],"inLanguage":"en-US"},{"@type":"Organization","@id":"https:\/\/shop.comterra.eu\/#organization","name":"ComTerra","url":"https:\/\/shop.comterra.eu\/","logo":{"@type":"ImageObject","inLanguage":"en-US","@id":"https:\/\/shop.comterra.eu\/#\/schema\/logo\/image\/","url":"https:\/\/shop.comterra.eu\/wp-content\/uploads\/2019\/12\/cropped-logo.png","contentUrl":"https:\/\/shop.comterra.eu\/wp-content\/uploads\/2019\/12\/cropped-logo.png","width":379,"height":89,"caption":"ComTerra"},"image":{"@id":"https:\/\/shop.comterra.eu\/#\/schema\/logo\/image\/"},"sameAs":["https:\/\/www.youtube.com\/channel\/UCn4vG_rMnFID5Hg_ooZKieg","https:\/\/web.facebook.com\/ComTerraEU"]}]}},"_links":{"self":[{"href":"https:\/\/shop.comterra.eu\/en\/wp-json\/wp\/v2\/product\/10428"}],"collection":[{"href":"https:\/\/shop.comterra.eu\/en\/wp-json\/wp\/v2\/product"}],"about":[{"href":"https:\/\/shop.comterra.eu\/en\/wp-json\/wp\/v2\/types\/product"}],"wp:featuredmedia":[{"embeddable":true,"href":"https:\/\/shop.comterra.eu\/en\/wp-json\/wp\/v2\/media\/10429"}],"wp:attachment":[{"href":"https:\/\/shop.comterra.eu\/en\/wp-json\/wp\/v2\/media?parent=10428"}],"wp:term":[{"taxonomy":"product_cat","embeddable":true,"href":"https:\/\/shop.comterra.eu\/en\/wp-json\/wp\/v2\/product_cat?post=10428"},{"taxonomy":"product_tag","embeddable":true,"href":"https:\/\/shop.comterra.eu\/en\/wp-json\/wp\/v2\/product_tag?post=10428"}],"curies":[{"name":"wp","href":"https:\/\/api.w.org\/{rel}","templated":true}]}}